{"id":1977,"date":"2018-12-19T11:31:27","date_gmt":"2018-12-19T11:31:27","guid":{"rendered":"https:\/\/www.recaccesorios.com\/empresas-de-mecanizado-rectificado-en-guipuzcoa\/"},"modified":"2021-02-09T09:42:54","modified_gmt":"2021-02-09T08:42:54","slug":"about-us","status":"publish","type":"page","link":"https:\/\/www.recaccesorios.com\/en\/about-us\/","title":{"rendered":"About us"},"content":{"rendered":"<div id='av-layout-grid-1'  class='av-layout-grid-container av-z106n-a1926295aca994427cd4ef652d0e99e9 entry-content-wrapper main_color av-flex-cells  avia-builder-el-0  el_before_av_layout_row  avia-builder-el-first   container_wrap fullsize'  >\n\n<style type=\"text\/css\" data-created_by=\"avia_inline_auto\" id=\"style-css-av-jpv7271m-7c69f808e96d8fc094e4c4f2590212ff\">\n.flex_cell.av-jpv7271m-7c69f808e96d8fc094e4c4f2590212ff{\nvertical-align:middle;\nbackground:url(https:\/\/www.recaccesorios.com\/wp-content\/uploads\/2020\/10\/rec-accesorios-quienes-somos-dsc9511-2-1030x683.jpg) 50% 50% no-repeat scroll ;\n}\n.responsive #top #wrap_all .flex_cell.av-jpv7271m-7c69f808e96d8fc094e4c4f2590212ff{\npadding:30px 30px 30px 30px !important;\n}\n<\/style>\n<div class='flex_cell av-jpv7271m-7c69f808e96d8fc094e4c4f2590212ff av-gridrow-cell av_one_half no_margin  avia-builder-el-1  el_before_av_cell_one_half  avia-builder-el-first  avia-full-stretch'  ><div class='flex_cell_inner'><\/div><\/div>\n<style type=\"text\/css\" data-created_by=\"avia_inline_auto\" id=\"style-css-av-r3viv-223c637a9207026ef19c159a86b40216\">\n.flex_cell.av-r3viv-223c637a9207026ef19c159a86b40216{\nvertical-align:top;\nbackground:url(https:\/\/www.recaccesorios.com\/wp-content\/uploads\/2019\/01\/icono_soft-1030x757.png) 100% 50% no-repeat scroll ;\n}\n.responsive #top #wrap_all .flex_cell.av-r3viv-223c637a9207026ef19c159a86b40216{\npadding:100px 90px 80px 90px !important;\n}\n<\/style>\n<div class='flex_cell av-r3viv-223c637a9207026ef19c159a86b40216 av-gridrow-cell av_one_half no_margin  avia-builder-el-2  el_after_av_cell_one_half  avia-builder-el-last '  ><div class='flex_cell_inner'><p>\n<style type=\"text\/css\" data-created_by=\"avia_inline_auto\" id=\"style-css-av-av_heading-5f05ef36ac2742ce03e507982e8c2ee2\">\n#top .av-special-heading.av-av_heading-5f05ef36ac2742ce03e507982e8c2ee2{\npadding-bottom:10px;\ncolor:#4259aa;\nfont-size:57px;\n}\nbody .av-special-heading.av-av_heading-5f05ef36ac2742ce03e507982e8c2ee2 .av-special-heading-tag .heading-char{\nfont-size:25px;\n}\n#top #wrap_all .av-special-heading.av-av_heading-5f05ef36ac2742ce03e507982e8c2ee2 .av-special-heading-tag{\nfont-size:57px;\n}\n.av-special-heading.av-av_heading-5f05ef36ac2742ce03e507982e8c2ee2 .special-heading-inner-border{\nborder-color:#4259aa;\n}\n.av-special-heading.av-av_heading-5f05ef36ac2742ce03e507982e8c2ee2 .av-subheading{\nfont-size:15px;\n}\n\n@media only screen and (min-width: 480px) and (max-width: 767px){ \n#top #wrap_all .av-special-heading.av-av_heading-5f05ef36ac2742ce03e507982e8c2ee2 .av-special-heading-tag{\nfont-size:0.8em;\n}\n}\n\n@media only screen and (max-width: 479px){ \n#top #wrap_all .av-special-heading.av-av_heading-5f05ef36ac2742ce03e507982e8c2ee2 .av-special-heading-tag{\nfont-size:0.8em;\n}\n}\n<\/style>\n<div  class='av-special-heading av-av_heading-5f05ef36ac2742ce03e507982e8c2ee2 av-special-heading-h1 custom-color-heading blockquote modern-quote  avia-builder-el-3  el_before_av_hr  avia-builder-el-first  av-inherit-size'><h1 class='av-special-heading-tag'  itemprop=\"headline\"  >REC Accesorios<\/h1><div class=\"special-heading-border\"><div class=\"special-heading-inner-border\"><\/div><\/div><\/div><br \/>\n\n<style type=\"text\/css\" data-created_by=\"avia_inline_auto\" id=\"style-css-av-gfyjb-522cd47ec4327424314a7c83b7e61005\">\n#top .hr.hr-invisible.av-gfyjb-522cd47ec4327424314a7c83b7e61005{\nheight:30px;\n}\n<\/style>\n<div  class='hr av-gfyjb-522cd47ec4327424314a7c83b7e61005 hr-invisible  avia-builder-el-4  el_after_av_heading  el_before_av_textblock '><span class='hr-inner '><span class=\"hr-inner-style\"><\/span><\/span><\/div><br \/>\n<section  class='av_textblock_section av-9ozmf-d110ac89d38da7fe52626f103a8d3523 '   itemscope=\"itemscope\" itemtype=\"https:\/\/schema.org\/CreativeWork\" ><div class='avia_textblock'  itemprop=\"text\" ><p style=\"text-align: justify;\"><b>In 1970 Jes\u00fas Barrag\u00e1n<\/b> from the company Nicol\u00e1s Correa (at that time Barrag\u00e1n and Correa) <b>together with Dar\u00edo Gonz\u00e1lez founded our company<\/b> with the aim of equipping the milling machines produced in Nicol\u00e1s Correa with milling cutter arbors. Other machine tool manufacturers in the area began to take an interest in our products and little by little we began to serve new customers. The specialization that the Machining and Grinding of Tool Holders entails with the existing demand for these processes, lead us to offer this quality service to companies that require it. Today, with 50 years of experience, we offer a high degree of skills training throughout the machining process.<\/p>\n<\/div><\/section><br \/>\n<section  class='av_textblock_section av-9ozmf-d110ac89d38da7fe52626f103a8d3523 '   itemscope=\"itemscope\" itemtype=\"https:\/\/schema.org\/CreativeWork\" ><div class='avia_textblock'  itemprop=\"text\" ><h4 style=\"text-align: justify;\"><strong>Mission and vision<\/strong><\/h4>\n<p style=\"text-align: justify;\">We offer complete solutions for <b>Machining, Grinding and Honing.<\/b><\/p>\n<p style=\"text-align: justify;\">We also design, manufacture and market Milling Cutter Arbors to meet the existing demand at a national and international level.<\/p>\n<p style=\"text-align: justify;\">Thanks to our experience and know-how, we offer high quality products and services at a competitive price and always seeking the maximum satisfaction of our clients.<\/p>\n<\/div><\/section><br \/>\n\n<style type=\"text\/css\" data-created_by=\"avia_inline_auto\" id=\"style-css-av-kgjlt163-a49c48d56c821aac8e8529ec1b97b379\">\n#top .avia-gallery.av-kgjlt163-a49c48d56c821aac8e8529ec1b97b379 .avia-gallery-thumb a{\nwidth:50%;\n}\n<\/style>\n<div  class='avia-gallery av-kgjlt163-a49c48d56c821aac8e8529ec1b97b379 avia_animate_when_visible  avia-builder-el-7  el_after_av_textblock  el_before_av_hr  avia_lazyload avia-gallery-animate avia-gallery-1'  itemprop=\"image\" itemscope=\"itemscope\" itemtype=\"https:\/\/schema.org\/ImageObject\" ><meta itemprop=\"contentURL\" content=\"https:\/\/www.recaccesorios.com\/en\/about-us\/\"><div class='avia-gallery-thumb'><a href=\"https:\/\/www.recaccesorios.com\/wp-content\/uploads\/2020\/10\/rec-accesorios-quienes-somos--dsc9515-2-1030x683.jpg\" data-srcset=\"https:\/\/www.recaccesorios.com\/wp-content\/uploads\/2020\/10\/rec-accesorios-quienes-somos--dsc9515-2-1030x683.jpg 1030w, https:\/\/www.recaccesorios.com\/wp-content\/uploads\/2020\/10\/rec-accesorios-quienes-somos--dsc9515-2-300x199.jpg 300w, https:\/\/www.recaccesorios.com\/wp-content\/uploads\/2020\/10\/rec-accesorios-quienes-somos--dsc9515-2-768x510.jpg 768w, https:\/\/www.recaccesorios.com\/wp-content\/uploads\/2020\/10\/rec-accesorios-quienes-somos--dsc9515-2-1536x1019.jpg 1536w, https:\/\/www.recaccesorios.com\/wp-content\/uploads\/2020\/10\/rec-accesorios-quienes-somos--dsc9515-2-1500x995.jpg 1500w, https:\/\/www.recaccesorios.com\/wp-content\/uploads\/2020\/10\/rec-accesorios-quienes-somos--dsc9515-2-705x468.jpg 705w, https:\/\/www.recaccesorios.com\/wp-content\/uploads\/2020\/10\/rec-accesorios-quienes-somos--dsc9515-2-450x299.jpg 450w, https:\/\/www.recaccesorios.com\/wp-content\/uploads\/2020\/10\/rec-accesorios-quienes-somos--dsc9515-2.jpg 2000w\" data-sizes=\"(max-width: 1030px) 100vw, 1030px\" data-rel='gallery-1' data-prev-img='https:\/\/www.recaccesorios.com\/wp-content\/uploads\/2020\/10\/rec-accesorios-quienes-somos--dsc9515-2-495x400.jpg' class='first_thumb lightbox ' data-onclick='1' title=''  itemprop=\"thumbnailUrl\"  ><img decoding=\"async\" fetchpriority=\"high\" class=\"wp-image-2960 avia-img-lazy-loading-not-2960\"   src=\"https:\/\/www.recaccesorios.com\/wp-content\/uploads\/2020\/10\/rec-accesorios-quienes-somos--dsc9515-2-710x375.jpg\" width=\"710\" height=\"375\"  title='' alt='' \/><div class='big-prev-fake'><img decoding=\"async\" loading=\"lazy\" class=\"wp-image-2960 avia-img-lazy-loading-2960\"  width=\"495\" height=\"400\" src=\"https:\/\/www.recaccesorios.com\/wp-content\/uploads\/2020\/10\/rec-accesorios-quienes-somos--dsc9515-2-495x400.jpg\" title='' alt='' srcset=\"https:\/\/www.recaccesorios.com\/wp-content\/uploads\/2020\/10\/rec-accesorios-quienes-somos--dsc9515-2-495x400.jpg 495w, https:\/\/www.recaccesorios.com\/wp-content\/uploads\/2020\/10\/rec-accesorios-quienes-somos--dsc9515-2-845x684.jpg 845w\" sizes=\"auto, (max-width: 495px) 100vw, 495px\" \/><\/div><\/a><a href=\"https:\/\/www.recaccesorios.com\/wp-content\/uploads\/2020\/10\/rec-accesorios-quienes-somos--dsc9525-2-1030x683.jpg\" data-srcset=\"https:\/\/www.recaccesorios.com\/wp-content\/uploads\/2020\/10\/rec-accesorios-quienes-somos--dsc9525-2-1030x683.jpg 1030w, https:\/\/www.recaccesorios.com\/wp-content\/uploads\/2020\/10\/rec-accesorios-quienes-somos--dsc9525-2-300x199.jpg 300w, https:\/\/www.recaccesorios.com\/wp-content\/uploads\/2020\/10\/rec-accesorios-quienes-somos--dsc9525-2-768x510.jpg 768w, https:\/\/www.recaccesorios.com\/wp-content\/uploads\/2020\/10\/rec-accesorios-quienes-somos--dsc9525-2-1536x1019.jpg 1536w, https:\/\/www.recaccesorios.com\/wp-content\/uploads\/2020\/10\/rec-accesorios-quienes-somos--dsc9525-2-1500x995.jpg 1500w, https:\/\/www.recaccesorios.com\/wp-content\/uploads\/2020\/10\/rec-accesorios-quienes-somos--dsc9525-2-705x468.jpg 705w, https:\/\/www.recaccesorios.com\/wp-content\/uploads\/2020\/10\/rec-accesorios-quienes-somos--dsc9525-2-450x299.jpg 450w, https:\/\/www.recaccesorios.com\/wp-content\/uploads\/2020\/10\/rec-accesorios-quienes-somos--dsc9525-2.jpg 2000w\" data-sizes=\"(max-width: 1030px) 100vw, 1030px\" data-rel='gallery-1' data-prev-img='https:\/\/www.recaccesorios.com\/wp-content\/uploads\/2020\/10\/rec-accesorios-quienes-somos--dsc9525-2-495x400.jpg' class='lightbox ' data-onclick='2' title=''  itemprop=\"thumbnailUrl\"  ><img decoding=\"async\" fetchpriority=\"high\" class=\"wp-image-2964 avia-img-lazy-loading-not-2964\"   src=\"https:\/\/www.recaccesorios.com\/wp-content\/uploads\/2020\/10\/rec-accesorios-quienes-somos--dsc9525-2-710x375.jpg\" width=\"710\" height=\"375\"  title='' alt='' \/><div class='big-prev-fake'><img decoding=\"async\" loading=\"lazy\" class=\"wp-image-2964 avia-img-lazy-loading-2964\"  width=\"495\" height=\"400\" src=\"https:\/\/www.recaccesorios.com\/wp-content\/uploads\/2020\/10\/rec-accesorios-quienes-somos--dsc9525-2-495x400.jpg\" title='' alt='' srcset=\"https:\/\/www.recaccesorios.com\/wp-content\/uploads\/2020\/10\/rec-accesorios-quienes-somos--dsc9525-2-495x400.jpg 495w, https:\/\/www.recaccesorios.com\/wp-content\/uploads\/2020\/10\/rec-accesorios-quienes-somos--dsc9525-2-845x684.jpg 845w\" sizes=\"auto, (max-width: 495px) 100vw, 495px\" \/><\/div><\/a><a href=\"https:\/\/www.recaccesorios.com\/wp-content\/uploads\/2020\/10\/rec-accesorios-quienes-somos-dsc9516-2-1030x683.jpg\" data-srcset=\"https:\/\/www.recaccesorios.com\/wp-content\/uploads\/2020\/10\/rec-accesorios-quienes-somos-dsc9516-2-1030x683.jpg 1030w, https:\/\/www.recaccesorios.com\/wp-content\/uploads\/2020\/10\/rec-accesorios-quienes-somos-dsc9516-2-300x199.jpg 300w, https:\/\/www.recaccesorios.com\/wp-content\/uploads\/2020\/10\/rec-accesorios-quienes-somos-dsc9516-2-768x510.jpg 768w, https:\/\/www.recaccesorios.com\/wp-content\/uploads\/2020\/10\/rec-accesorios-quienes-somos-dsc9516-2-1536x1019.jpg 1536w, https:\/\/www.recaccesorios.com\/wp-content\/uploads\/2020\/10\/rec-accesorios-quienes-somos-dsc9516-2-1500x995.jpg 1500w, https:\/\/www.recaccesorios.com\/wp-content\/uploads\/2020\/10\/rec-accesorios-quienes-somos-dsc9516-2-705x468.jpg 705w, https:\/\/www.recaccesorios.com\/wp-content\/uploads\/2020\/10\/rec-accesorios-quienes-somos-dsc9516-2-450x299.jpg 450w, https:\/\/www.recaccesorios.com\/wp-content\/uploads\/2020\/10\/rec-accesorios-quienes-somos-dsc9516-2.jpg 2000w\" data-sizes=\"(max-width: 1030px) 100vw, 1030px\" data-rel='gallery-1' data-prev-img='https:\/\/www.recaccesorios.com\/wp-content\/uploads\/2020\/10\/rec-accesorios-quienes-somos-dsc9516-2-495x400.jpg' class='first_thumb lightbox ' data-onclick='3' title=''  itemprop=\"thumbnailUrl\"  ><img decoding=\"async\" fetchpriority=\"high\" class=\"wp-image-2962 avia-img-lazy-loading-not-2962\"   src=\"https:\/\/www.recaccesorios.com\/wp-content\/uploads\/2020\/10\/rec-accesorios-quienes-somos-dsc9516-2-710x375.jpg\" width=\"710\" height=\"375\"  title='' alt='' \/><div class='big-prev-fake'><img decoding=\"async\" loading=\"lazy\" class=\"wp-image-2962 avia-img-lazy-loading-2962\"  width=\"495\" height=\"400\" src=\"https:\/\/www.recaccesorios.com\/wp-content\/uploads\/2020\/10\/rec-accesorios-quienes-somos-dsc9516-2-495x400.jpg\" title='' alt='' srcset=\"https:\/\/www.recaccesorios.com\/wp-content\/uploads\/2020\/10\/rec-accesorios-quienes-somos-dsc9516-2-495x400.jpg 495w, https:\/\/www.recaccesorios.com\/wp-content\/uploads\/2020\/10\/rec-accesorios-quienes-somos-dsc9516-2-845x684.jpg 845w\" sizes=\"auto, (max-width: 495px) 100vw, 495px\" \/><\/div><\/a><a href=\"https:\/\/www.recaccesorios.com\/wp-content\/uploads\/2020\/10\/rec-accesorios-termometria--dsc9503-2-1030x696.jpg\" data-srcset=\"https:\/\/www.recaccesorios.com\/wp-content\/uploads\/2020\/10\/rec-accesorios-termometria--dsc9503-2-1030x696.jpg 1030w, https:\/\/www.recaccesorios.com\/wp-content\/uploads\/2020\/10\/rec-accesorios-termometria--dsc9503-2-300x203.jpg 300w, https:\/\/www.recaccesorios.com\/wp-content\/uploads\/2020\/10\/rec-accesorios-termometria--dsc9503-2-768x519.jpg 768w, https:\/\/www.recaccesorios.com\/wp-content\/uploads\/2020\/10\/rec-accesorios-termometria--dsc9503-2-1536x1038.jpg 1536w, https:\/\/www.recaccesorios.com\/wp-content\/uploads\/2020\/10\/rec-accesorios-termometria--dsc9503-2-1500x1013.jpg 1500w, https:\/\/www.recaccesorios.com\/wp-content\/uploads\/2020\/10\/rec-accesorios-termometria--dsc9503-2-705x476.jpg 705w, https:\/\/www.recaccesorios.com\/wp-content\/uploads\/2020\/10\/rec-accesorios-termometria--dsc9503-2-450x304.jpg 450w, https:\/\/www.recaccesorios.com\/wp-content\/uploads\/2020\/10\/rec-accesorios-termometria--dsc9503-2.jpg 2000w\" data-sizes=\"(max-width: 1030px) 100vw, 1030px\" data-rel='gallery-1' data-prev-img='https:\/\/www.recaccesorios.com\/wp-content\/uploads\/2020\/10\/rec-accesorios-termometria--dsc9503-2-495x400.jpg' class='lightbox ' data-onclick='4' title='REc accesorios -termometria__DSC9503-2'  itemprop=\"thumbnailUrl\"  ><img decoding=\"async\" fetchpriority=\"high\" class=\"wp-image-2976 avia-img-lazy-loading-not-2976\"   src=\"https:\/\/www.recaccesorios.com\/wp-content\/uploads\/2020\/10\/rec-accesorios-termometria--dsc9503-2-710x375.jpg\" width=\"710\" height=\"375\"  title='REc accesorios -termometria__DSC9503-2' alt='' \/><div class='big-prev-fake'><img decoding=\"async\" loading=\"lazy\" class=\"wp-image-2976 avia-img-lazy-loading-2976\"  width=\"495\" height=\"400\" src=\"https:\/\/www.recaccesorios.com\/wp-content\/uploads\/2020\/10\/rec-accesorios-termometria--dsc9503-2-495x400.jpg\" title='REc accesorios -termometria__DSC9503-2' alt='' srcset=\"https:\/\/www.recaccesorios.com\/wp-content\/uploads\/2020\/10\/rec-accesorios-termometria--dsc9503-2-495x400.jpg 495w, https:\/\/www.recaccesorios.com\/wp-content\/uploads\/2020\/10\/rec-accesorios-termometria--dsc9503-2-845x684.jpg 845w\" sizes=\"auto, (max-width: 495px) 100vw, 495px\" \/><\/div><\/a><\/div><\/div><br \/>\n\n<style type=\"text\/css\" data-created_by=\"avia_inline_auto\" id=\"style-css-av-jpv7dfzx-d1a4ac14bca6b33b7a138e62fde140ea\">\n#top .hr.hr-invisible.av-jpv7dfzx-d1a4ac14bca6b33b7a138e62fde140ea{\nheight:50px;\n}\n<\/style>\n<div  class='hr av-jpv7dfzx-d1a4ac14bca6b33b7a138e62fde140ea hr-invisible  avia-builder-el-8  el_after_av_gallery  el_before_av_button_big  avia-builder-el-last '><span class='hr-inner '><span class=\"hr-inner-style\"><\/span><\/span><\/div><br \/>\n<div  class='avia-button-wrap avia-button-center  avia-builder-el-9  el_after_av_hr  avia-builder-el-last '>\n<style type=\"text\/css\" data-created_by=\"avia_inline_auto\" id=\"style-css-av-jpv73ax4-66792e6064faa7761ded308f579972d2\">\n#top #wrap_all .avia-button.av-jpv73ax4-66792e6064faa7761ded308f579972d2{\ncolor:#ffffff;\ntransition:all 0.4s ease-in-out;\n}\n#top #wrap_all .avia-button.av-jpv73ax4-66792e6064faa7761ded308f579972d2:hover{\nbackground-color:#444444;\ncolor:#ffffff;\ntransition:all 0.4s ease-in-out;\n}\n<\/style>\n<a href='https:\/\/www.recaccesorios.com\/en\/contact\/' class='av-icon-on-hover avia-color-theme-color avia-button avia-button-fullwidth av-jpv73ax4-66792e6064faa7761ded308f579972d2 avia-icon_select-yes-right-icon avia-color-theme-color'  target=\"_blank\"  rel=\"noopener noreferrer\" ><span class='avia_iconbox_title' >More Information<\/span><span class='avia_button_icon avia_button_icon_right' aria-hidden='true' data-av_icon='\ue8bf' data-av_iconfont='entypo-fontello'><\/span><\/a><\/div><\/p>\n<\/div><\/div><\/div><div id='av-layout-grid-2'  class='av-layout-grid-container av-92kiv-b659c283eeb0b319ce69b31f89ef19ea entry-content-wrapper main_color av-flex-cells  avia-builder-el-10  el_after_av_layout_row  avia-builder-el-last  grid-row-not-first  container_wrap fullsize'  >\n\n<style type=\"text\/css\" data-created_by=\"avia_inline_auto\" id=\"style-css-av-jqnxpmkt-220c74b8db29297f9746052c3b124566\">\n.flex_cell.av-jqnxpmkt-220c74b8db29297f9746052c3b124566{\nvertical-align:top;\nbackground-color:#4960c6;\n}\n.responsive #top #wrap_all .flex_cell.av-jqnxpmkt-220c74b8db29297f9746052c3b124566{\npadding:2px 2px 2px 2px !important;\n}\n<\/style>\n<div class='flex_cell av-jqnxpmkt-220c74b8db29297f9746052c3b124566 av-gridrow-cell av_one_full no_margin  avia-builder-el-11  avia-builder-el-no-sibling '  ><div class='flex_cell_inner'><\/div><\/div>\n<\/div><\/p>\n","protected":false},"excerpt":{"rendered":"","protected":false},"author":3,"featured_media":0,"parent":0,"menu_order":0,"comment_status":"closed","ping_status":"closed","template":"","meta":{"_monsterinsights_skip_tracking":false,"_monsterinsights_sitenote_active":false,"_monsterinsights_sitenote_note":"","_monsterinsights_sitenote_category":0,"footnotes":""},"class_list":["post-1977","page","type-page","status-publish","hentry"],"_links":{"self":[{"href":"https:\/\/www.recaccesorios.com\/en\/wp-json\/wp\/v2\/pages\/1977","targetHints":{"allow":["GET"]}}],"collection":[{"href":"https:\/\/www.recaccesorios.com\/en\/wp-json\/wp\/v2\/pages"}],"about":[{"href":"https:\/\/www.recaccesorios.com\/en\/wp-json\/wp\/v2\/types\/page"}],"author":[{"embeddable":true,"href":"https:\/\/www.recaccesorios.com\/en\/wp-json\/wp\/v2\/users\/3"}],"replies":[{"embeddable":true,"href":"https:\/\/www.recaccesorios.com\/en\/wp-json\/wp\/v2\/comments?post=1977"}],"version-history":[{"count":7,"href":"https:\/\/www.recaccesorios.com\/en\/wp-json\/wp\/v2\/pages\/1977\/revisions"}],"predecessor-version":[{"id":2053,"href":"https:\/\/www.recaccesorios.com\/en\/wp-json\/wp\/v2\/pages\/1977\/revisions\/2053"}],"wp:attachment":[{"href":"https:\/\/www.recaccesorios.com\/en\/wp-json\/wp\/v2\/media?parent=1977"}],"curies":[{"name":"wp","href":"https:\/\/api.w.org\/{rel}","templated":true}]}}