{"id":2557,"date":"2019-01-08T16:46:36","date_gmt":"2019-01-08T16:46:36","guid":{"rendered":"https:\/\/www.recaccesorios.com\/rectificadoras-de-interiores-guipuzcoa\/"},"modified":"2022-01-27T11:54:17","modified_gmt":"2022-01-27T10:54:17","slug":"rectification-interieure","status":"publish","type":"page","link":"https:\/\/www.recaccesorios.com\/fr\/services\/rectification-de-precision-conventionnelle-et-cnc\/rectification-de-surfaces-planes\/rectification-interieure\/","title":{"rendered":"Rectification int\u00e9rieure"},"content":{"rendered":"\n<style type=\"text\/css\" data-created_by=\"avia_inline_auto\" id=\"style-css-av-118f0t-b8fc1acf16c871dcb6aa298ceb1c26d3\">\n.flex_column.av-118f0t-b8fc1acf16c871dcb6aa298ceb1c26d3{\nborder-radius:0px 0px 0px 0px;\npadding:0px 0px 0px 0px;\n}\n<\/style>\n<div  class='flex_column av-118f0t-b8fc1acf16c871dcb6aa298ceb1c26d3 av_one_full  avia-builder-el-0  el_before_av_one_full  avia-builder-el-first  first flex_column_div av-zero-column-padding  '     ><p>\n<style type=\"text\/css\" data-created_by=\"avia_inline_auto\" id=\"style-css-av-xbvlx-9832a3c13a0b390141938278d4d02e80\">\n.avia-image-container.av-xbvlx-9832a3c13a0b390141938278d4d02e80 img.avia_image{\nbox-shadow:none;\n}\n.avia-image-container.av-xbvlx-9832a3c13a0b390141938278d4d02e80 .av-image-caption-overlay-center{\ncolor:#ffffff;\n}\n<\/style>\n<div  class='avia-image-container av-xbvlx-9832a3c13a0b390141938278d4d02e80 av-styling- avia-align-center  avia-builder-el-1  el_before_av_heading  avia-builder-el-first '   itemprop=\"image\" itemscope=\"itemscope\" itemtype=\"https:\/\/schema.org\/ImageObject\" ><div class=\"avia-image-container-inner\"><div class=\"avia-image-overlay-wrap\"><img decoding=\"async\" fetchpriority=\"high\" class='wp-image-2865 avia-img-lazy-loading-not-2865 avia_image ' src=\"https:\/\/www.recaccesorios.com\/wp-content\/uploads\/2019\/04\/fresadora-RC-accesorios-845x321.jpg\" alt='' title='Fresado'  height=\"321\" width=\"845\"  itemprop=\"thumbnailUrl\"  \/><\/div><\/div><\/div><br \/>\n\n<style type=\"text\/css\" data-created_by=\"avia_inline_auto\" id=\"style-css-av-kyvkyz5s-c837e44719a3afd3d7c6f7f896da4b07\">\n#top .av-special-heading.av-kyvkyz5s-c837e44719a3afd3d7c6f7f896da4b07{\npadding-bottom:10px;\ncolor:#5067cc;\nfont-size:57px;\n}\nbody .av-special-heading.av-kyvkyz5s-c837e44719a3afd3d7c6f7f896da4b07 .av-special-heading-tag .heading-char{\nfont-size:25px;\n}\n#top #wrap_all .av-special-heading.av-kyvkyz5s-c837e44719a3afd3d7c6f7f896da4b07 .av-special-heading-tag{\nfont-size:57px;\n}\n.av-special-heading.av-kyvkyz5s-c837e44719a3afd3d7c6f7f896da4b07 .special-heading-inner-border{\nborder-color:#5067cc;\n}\n.av-special-heading.av-kyvkyz5s-c837e44719a3afd3d7c6f7f896da4b07 .av-subheading{\nfont-size:15px;\n}\n\n@media only screen and (min-width: 480px) and (max-width: 767px){ \n#top #wrap_all .av-special-heading.av-kyvkyz5s-c837e44719a3afd3d7c6f7f896da4b07 .av-special-heading-tag{\nfont-size:0.8em;\n}\n}\n\n@media only screen and (max-width: 479px){ \n#top #wrap_all .av-special-heading.av-kyvkyz5s-c837e44719a3afd3d7c6f7f896da4b07 .av-special-heading-tag{\nfont-size:0.8em;\n}\n}\n<\/style>\n<div  class='av-special-heading av-kyvkyz5s-c837e44719a3afd3d7c6f7f896da4b07 av-special-heading-h1 custom-color-heading blockquote modern-quote  avia-builder-el-2  el_after_av_image  el_before_av_hr  av-inherit-size'><h1 class='av-special-heading-tag'  itemprop=\"headline\"  >RECTIFICATION int\u00e9rieure<\/h1><div class=\"special-heading-border\"><div class=\"special-heading-inner-border\"><\/div><\/div><\/div><br \/>\n\n<style type=\"text\/css\" data-created_by=\"avia_inline_auto\" id=\"style-css-av-n5eph-089d3bfc5b6c01f9776bc3b3b0d1993e\">\n#top .hr.hr-invisible.av-n5eph-089d3bfc5b6c01f9776bc3b3b0d1993e{\nheight:20px;\n}\n<\/style>\n<div  class='hr av-n5eph-089d3bfc5b6c01f9776bc3b3b0d1993e hr-invisible  avia-builder-el-3  el_after_av_heading  el_before_av_textblock '><span class='hr-inner '><span class=\"hr-inner-style\"><\/span><\/span><\/div><br \/>\n<section  class='av_textblock_section av-cz8lx-37c7734009640a220824279beebcd140 '   itemscope=\"itemscope\" itemtype=\"https:\/\/schema.org\/CreativeWork\" ><div class='avia_textblock'  itemprop=\"text\" ><div class=\"post-entry\">\n<p>Nous sommes sp\u00e9cialistes de la rectification int\u00e9rieure. Nous disposons d\u2019une cellule compos\u00e9e de rectifieuses int\u00e9rieures conventionnelles et CNC.<\/p>\n<p>Notre personnel hautement qualifi\u00e9 et exp\u00e9riment\u00e9 sera en mesure d\u2019obtenir les meilleurs r\u00e9sultats.<\/p>\n<p>Nous disposons d\u2019un<strong> laboratoire de m\u00e9trologie climatis\u00e9<\/strong> pour garantir le respect des sp\u00e9cifications de nos clients.<\/p>\n<\/div>\n<h2><\/h2>\n<div class=\"post-entry\"><\/div>\n<\/div><\/section><\/p><\/div>\n\n<style type=\"text\/css\" data-created_by=\"avia_inline_auto\" id=\"style-css-av-118f0t-b8fc1acf16c871dcb6aa298ceb1c26d3\">\n.flex_column.av-118f0t-b8fc1acf16c871dcb6aa298ceb1c26d3{\nborder-radius:0px 0px 0px 0px;\npadding:0px 0px 0px 0px;\n}\n<\/style>\n<div  class='flex_column av-118f0t-b8fc1acf16c871dcb6aa298ceb1c26d3 av_one_full  avia-builder-el-5  el_after_av_one_full  avia-builder-el-last  first flex_column_div av-zero-column-padding  column-top-margin'     ><p>\n<style type=\"text\/css\" data-created_by=\"avia_inline_auto\" id=\"style-css-av-av_heading-4d2a572be52193c205023ab49e6c37ea\">\n#top .av-special-heading.av-av_heading-4d2a572be52193c205023ab49e6c37ea{\npadding-bottom:10px;\ncolor:#5067cc;\nfont-size:35px;\n}\nbody .av-special-heading.av-av_heading-4d2a572be52193c205023ab49e6c37ea .av-special-heading-tag .heading-char{\nfont-size:25px;\n}\n#top #wrap_all .av-special-heading.av-av_heading-4d2a572be52193c205023ab49e6c37ea .av-special-heading-tag{\nfont-size:35px;\n}\n.av-special-heading.av-av_heading-4d2a572be52193c205023ab49e6c37ea .special-heading-inner-border{\nborder-color:#5067cc;\n}\n.av-special-heading.av-av_heading-4d2a572be52193c205023ab49e6c37ea .av-subheading{\nfont-size:15px;\n}\n\n@media only screen and (min-width: 480px) and (max-width: 767px){ \n#top #wrap_all .av-special-heading.av-av_heading-4d2a572be52193c205023ab49e6c37ea .av-special-heading-tag{\nfont-size:0.8em;\n}\n}\n\n@media only screen and (max-width: 479px){ \n#top #wrap_all .av-special-heading.av-av_heading-4d2a572be52193c205023ab49e6c37ea .av-special-heading-tag{\nfont-size:0.8em;\n}\n}\n<\/style>\n<div  class='av-special-heading av-av_heading-4d2a572be52193c205023ab49e6c37ea av-special-heading-h4 custom-color-heading blockquote modern-quote  avia-builder-el-6  el_before_av_hr  avia-builder-el-first  av-inherit-size'><h4 class='av-special-heading-tag'  itemprop=\"headline\"  >Capacit\u00e9s:<\/h4><div class=\"special-heading-border\"><div class=\"special-heading-inner-border\"><\/div><\/div><\/div><br \/>\n\n<style type=\"text\/css\" data-created_by=\"avia_inline_auto\" id=\"style-css-av-n5eph-4087c831c9dcb9b42da0f7ebce284a88\">\n#top .hr.hr-invisible.av-n5eph-4087c831c9dcb9b42da0f7ebce284a88{\nheight:10px;\n}\n<\/style>\n<div  class='hr av-n5eph-4087c831c9dcb9b42da0f7ebce284a88 hr-invisible  avia-builder-el-7  el_after_av_heading  el_before_av_table '><span class='hr-inner '><span class=\"hr-inner-style\"><\/span><\/span><\/div><br \/>\n<div class='avia-data-table-wrap av-4up0si-362a8a2e08c557f6a9a917d58b989fa1 avia_responsive_table avia-table-1'><table  class='avia-table avia-data-table avia_pricing_default  avia-builder-el-8  el_after_av_hr  el_before_av_table '  itemscope=\"itemscope\" itemtype=\"https:\/\/schema.org\/Table\" ><tbody><tr class=''><td class='avia-highlight-col'><\/p>\n<h4>Rectification universelle CNC<\/h4>\n<p><\/td><td class=''>jusqu\u2019\u00e0 300 en diam\u00e8tre<br \/>\n<\/td><td class=''>jusqu\u2019\u00e0 1000 en longueur<\/td><\/tr><tr class=''><td class='avia-highlight-col'><\/p>\n<h4>Rectification int\u00e9rieure<\/h4>\n<p><\/td><td class=''>jusqu\u2019\u00e0 300en diam\u00e8tre<\/td><td class=''>&#8211;<\/td><\/tr><tr class=''><td class='avia-highlight-col'><\/p>\n<h4>Rectification ext\u00e9rieure<\/h4>\n<h4><\/td><td class=''>jusqu\u2019\u00e0 300en diam\u00e8tre<br \/>\n<\/td><td class=''>jusqu\u2019\u00e0 1000 en longueur<\/td><\/tr><tr class=''><td class='avia-highlight-col'><\/h4>\n<h4>Rectification surfaces planes<\/h4>\n<p><\/td><td class=''>Conventionnelles avec table jusqu\u2019\u00e0 800 mm x 400 mm<\/td><td class=''>&#8211;<\/td><\/tr><tr class=''><td class='avia-highlight-col'><\/p>\n<h4>Tournage CNC<\/h4>\n<p><\/td><td class=''>2 Mazak jusqu\u2019\u00e0 300 mm x 1000 mm<\/td><td class=''>1 tour Okuma 300 mm x 1000 mm<\/td><\/tr><tr class=''><td class='avia-highlight-col'><\/p>\n<h4>Fraisage CNC<\/h4>\n<p><\/td><td class=''>2 centres d\u2019usinage 4 axes avec table jusqu\u2019\u00e0 1000 mm x 600 mm<\/td><td class=''>&#8211;<\/td><\/tr><tr class=''><td class='avia-highlight-col'><\/p>\n<h4>Usinage conventionnel<\/h4>\n<p><\/td><td class=''><br \/>\n2 fraiseuses conventionnelles<\/p>\n<p><\/td><td class=''>1 tour conventionnel<\/td><\/tr><tr class=''><td class='avia-highlight-col'><\/p>\n<h4>Honage<\/h4>\n<p><\/td><td class=''>Honeuse automatique<br \/>\nSunnen<br \/>\n<\/td><td class=''><\/td><\/tr><tr class=''><td class='avia-highlight-col'><\/p>\n<h4>Brochage<\/h4>\n<p><\/td><td class=''>Brochage horizontal Jarbe 1300<br \/>\n<\/td><td class=''>&#8211;<\/td><\/tr><\/tbody><\/table><\/div><br \/>\n<div class='avia-data-table-wrap av-4up0si-362a8a2e08c557f6a9a917d58b989fa1 avia_responsive_table avia-table-2'><table  class='avia-table avia-data-table avia_pricing_default  avia-builder-el-9  el_after_av_table  el_before_av_hr '  itemscope=\"itemscope\" itemtype=\"https:\/\/schema.org\/Table\" ><tbody><tr class='avia-heading-row'><th class='avia-highlight-col'><\/p>\n<h3><span style=\"color: #ffffff;\"> Autres machines<\/span><\/h3>\n<p><\/th><th class=''><\/th><th class=''><\/th><th class=''><\/th><\/tr><tr class=''><td class='avia-highlight-col'>Presse de redressage<\/p>\n<p><\/td><td class=''>Scie \u00e0 ruban CNC<br \/>\n<\/td><td class=''>Perceuses \u00e0 colonne ou de table<br \/>\n<\/td><td class=''>Graveur micro-percussion<br \/>\n<\/td><\/tr><\/tbody><\/table><\/div><style type='text\/css'>.avia-table-2 td:nth-of-type(1):before { content: '\n Autres machines\n'; } .avia-table-2 td:nth-of-type(2):before { content: ''; } .avia-table-2 td:nth-of-type(3):before { content: ''; } .avia-table-2 td:nth-of-type(4):before { content: ''; } <\/style><br \/>\n\n<style type=\"text\/css\" data-created_by=\"avia_inline_auto\" id=\"style-css-av-n5eph-4087c831c9dcb9b42da0f7ebce284a88\">\n#top .hr.hr-invisible.av-n5eph-4087c831c9dcb9b42da0f7ebce284a88{\nheight:10px;\n}\n<\/style>\n<div  class='hr av-n5eph-4087c831c9dcb9b42da0f7ebce284a88 hr-invisible  avia-builder-el-10  el_after_av_table  el_before_av_button_big  avia-builder-el-last '><span class='hr-inner '><span class=\"hr-inner-style\"><\/span><\/span><\/div><br \/>\n<div  class='avia-button-wrap avia-button-center  avia-builder-el-11  el_after_av_hr  avia-builder-el-last '>\n<style type=\"text\/css\" data-created_by=\"avia_inline_auto\" id=\"style-css-av-jpvclhlj-a9b2317ab3c85d25e9bad9328d16229b\">\n#top #wrap_all .avia-button.av-jpvclhlj-a9b2317ab3c85d25e9bad9328d16229b{\ncolor:#ffffff;\ntransition:all 0.4s ease-in-out;\n}\n#top #wrap_all .avia-button.av-jpvclhlj-a9b2317ab3c85d25e9bad9328d16229b:hover{\ncolor:#ffffff;\ntransition:all 0.4s ease-in-out;\n}\n<\/style>\n<a href='https:\/\/www.recaccesorios.com\/fr\/contact\/' class='av-icon-on-hover avia-color-theme-color avia-button avia-button-fullwidth av-jpvclhlj-a9b2317ab3c85d25e9bad9328d16229b avia-icon_select-yes-right-icon avia-color-theme-color'  ><span class='avia_iconbox_title' >Recevoir plus d\u2019information<\/span><span class='avia_button_icon avia_button_icon_right' aria-hidden='true' data-av_icon='\ue805' data-av_iconfont='entypo-fontello'><\/span><span class='avia_button_background avia-button avia-button-fullwidth avia-color-theme-color'><\/span><\/a><\/div><\/p><\/div>\n","protected":false},"excerpt":{"rendered":"","protected":false},"author":3,"featured_media":0,"parent":2573,"menu_order":0,"comment_status":"closed","ping_status":"closed","template":"","meta":{"_monsterinsights_skip_tracking":false,"_monsterinsights_sitenote_active":false,"_monsterinsights_sitenote_note":"","_monsterinsights_sitenote_category":0,"footnotes":""},"class_list":["post-2557","page","type-page","status-publish","hentry"],"_links":{"self":[{"href":"https:\/\/www.recaccesorios.com\/fr\/wp-json\/wp\/v2\/pages\/2557","targetHints":{"allow":["GET"]}}],"collection":[{"href":"https:\/\/www.recaccesorios.com\/fr\/wp-json\/wp\/v2\/pages"}],"about":[{"href":"https:\/\/www.recaccesorios.com\/fr\/wp-json\/wp\/v2\/types\/page"}],"author":[{"embeddable":true,"href":"https:\/\/www.recaccesorios.com\/fr\/wp-json\/wp\/v2\/users\/3"}],"replies":[{"embeddable":true,"href":"https:\/\/www.recaccesorios.com\/fr\/wp-json\/wp\/v2\/comments?post=2557"}],"version-history":[{"count":4,"href":"https:\/\/www.recaccesorios.com\/fr\/wp-json\/wp\/v2\/pages\/2557\/revisions"}],"predecessor-version":[{"id":2726,"href":"https:\/\/www.recaccesorios.com\/fr\/wp-json\/wp\/v2\/pages\/2557\/revisions\/2726"}],"up":[{"embeddable":true,"href":"https:\/\/www.recaccesorios.com\/fr\/wp-json\/wp\/v2\/pages\/2573"}],"wp:attachment":[{"href":"https:\/\/www.recaccesorios.com\/fr\/wp-json\/wp\/v2\/media?parent=2557"}],"curies":[{"name":"wp","href":"https:\/\/api.w.org\/{rel}","templated":true}]}}