{"id":2679,"date":"2019-04-12T08:55:10","date_gmt":"2019-04-12T08:55:10","guid":{"rendered":"https:\/\/www.recaccesorios.com\/services\/arbol-porta-fresas-largo-guipuzcoa\/"},"modified":"2022-01-27T12:02:32","modified_gmt":"2022-01-27T11:02:32","slug":"arbres-porte-fraises-longs","status":"publish","type":"page","link":"https:\/\/www.recaccesorios.com\/fr\/services\/arbres-porte-fraises-longs\/","title":{"rendered":"Arbres porte-fraises longs"},"content":{"rendered":"\n<style type=\"text\/css\" data-created_by=\"avia_inline_auto\" id=\"style-css-av-118f0t-b8fc1acf16c871dcb6aa298ceb1c26d3\">\n.flex_column.av-118f0t-b8fc1acf16c871dcb6aa298ceb1c26d3{\nborder-radius:0px 0px 0px 0px;\npadding:0px 0px 0px 0px;\n}\n<\/style>\n<div  class='flex_column av-118f0t-b8fc1acf16c871dcb6aa298ceb1c26d3 av_one_full  avia-builder-el-0  el_before_av_one_half  avia-builder-el-first  first flex_column_div av-zero-column-padding  '     ><style type=\"text\/css\" data-created_by=\"avia_inline_auto\" id=\"style-css-av-xbvlx-fc7b41fc2388a6acb0d1867669015c23\">\n.avia-image-container.av-xbvlx-fc7b41fc2388a6acb0d1867669015c23 img.avia_image{\nbox-shadow:none;\n}\n.avia-image-container.av-xbvlx-fc7b41fc2388a6acb0d1867669015c23 .av-image-caption-overlay-center{\ncolor:#ffffff;\n}\n<\/style>\n<div  class='avia-image-container av-xbvlx-fc7b41fc2388a6acb0d1867669015c23 av-styling- avia-align-center  avia-builder-el-1  avia-builder-el-no-sibling '   itemprop=\"image\" itemscope=\"itemscope\" itemtype=\"https:\/\/schema.org\/ImageObject\" ><div class=\"avia-image-container-inner\"><div class=\"avia-image-overlay-wrap\"><img decoding=\"async\" fetchpriority=\"high\" class='wp-image-2949 avia-img-lazy-loading-not-2949 avia_image ' src=\"https:\/\/www.recaccesorios.com\/wp-content\/uploads\/2020\/01\/11870.com433pxxl25c211d5eab84a388ca9276b9c844fa3.jpeg\" alt='' title='[11870.com][433]pxxl25c211d5eab84a388ca9276b9c844fa3'  height=\"394\" width=\"560\"  itemprop=\"thumbnailUrl\" srcset=\"https:\/\/www.recaccesorios.com\/wp-content\/uploads\/2020\/01\/11870.com433pxxl25c211d5eab84a388ca9276b9c844fa3.jpeg 560w, https:\/\/www.recaccesorios.com\/wp-content\/uploads\/2020\/01\/11870.com433pxxl25c211d5eab84a388ca9276b9c844fa3-300x211.jpeg 300w, https:\/\/www.recaccesorios.com\/wp-content\/uploads\/2020\/01\/11870.com433pxxl25c211d5eab84a388ca9276b9c844fa3-450x317.jpeg 450w\" sizes=\"(max-width: 560px) 100vw, 560px\" \/><\/div><\/div><\/div><\/div>\n\n<style type=\"text\/css\" data-created_by=\"avia_inline_auto\" id=\"style-css-av-hujl5-966fe9631d33d8bc22194ab25b5c5652\">\n.flex_column.av-hujl5-966fe9631d33d8bc22194ab25b5c5652{\nborder-radius:0px 0px 0px 0px;\npadding:0px 0px 0px 0px;\n}\n<\/style>\n<div  class='flex_column av-hujl5-966fe9631d33d8bc22194ab25b5c5652 av_one_half  avia-builder-el-2  el_after_av_one_full  el_before_av_one_half  first flex_column_div av-zero-column-padding  column-top-margin'     ><p>\n<style type=\"text\/css\" data-created_by=\"avia_inline_auto\" id=\"style-css-av-av_heading-6baa510c4c3a6982025c9efc3d591fa3\">\n#top .av-special-heading.av-av_heading-6baa510c4c3a6982025c9efc3d591fa3{\npadding-bottom:10px;\ncolor:#5067cc;\nfont-size:44px;\n}\nbody .av-special-heading.av-av_heading-6baa510c4c3a6982025c9efc3d591fa3 .av-special-heading-tag .heading-char{\nfont-size:25px;\n}\n#top #wrap_all .av-special-heading.av-av_heading-6baa510c4c3a6982025c9efc3d591fa3 .av-special-heading-tag{\nfont-size:44px;\n}\n.av-special-heading.av-av_heading-6baa510c4c3a6982025c9efc3d591fa3 .special-heading-inner-border{\nborder-color:#5067cc;\n}\n.av-special-heading.av-av_heading-6baa510c4c3a6982025c9efc3d591fa3 .av-subheading{\nfont-size:15px;\n}\n\n@media only screen and (min-width: 480px) and (max-width: 767px){ \n#top #wrap_all .av-special-heading.av-av_heading-6baa510c4c3a6982025c9efc3d591fa3 .av-special-heading-tag{\nfont-size:0.8em;\n}\n}\n\n@media only screen and (max-width: 479px){ \n#top #wrap_all .av-special-heading.av-av_heading-6baa510c4c3a6982025c9efc3d591fa3 .av-special-heading-tag{\nfont-size:0.8em;\n}\n}\n<\/style>\n<div  class='av-special-heading av-av_heading-6baa510c4c3a6982025c9efc3d591fa3 av-special-heading-h2 custom-color-heading blockquote modern-quote  avia-builder-el-3  el_before_av_hr  avia-builder-el-first  av-inherit-size'><h2 class='av-special-heading-tag'  itemprop=\"headline\"  >Arbres<br \/>\nporte-fraises longs<\/h2><div class=\"special-heading-border\"><div class=\"special-heading-inner-border\"><\/div><\/div><\/div><br \/>\n\n<style type=\"text\/css\" data-created_by=\"avia_inline_auto\" id=\"style-css-av-n5eph-089d3bfc5b6c01f9776bc3b3b0d1993e\">\n#top .hr.hr-invisible.av-n5eph-089d3bfc5b6c01f9776bc3b3b0d1993e{\nheight:20px;\n}\n<\/style>\n<div  class='hr av-n5eph-089d3bfc5b6c01f9776bc3b3b0d1993e hr-invisible  avia-builder-el-4  el_after_av_heading  el_before_av_textblock '><span class='hr-inner '><span class=\"hr-inner-style\"><\/span><\/span><\/div><br \/>\n<section  class='av_textblock_section av-cz8lx-37c7734009640a220824279beebcd140 '   itemscope=\"itemscope\" itemtype=\"https:\/\/schema.org\/CreativeWork\" ><div class='avia_textblock'  itemprop=\"text\" ><p>La m\u00e9thode traditionnelle est utilis\u00e9e. En partant de la pi\u00e8ce forg\u00e9e, nous obtenons, gr\u00e2ce \u00e0 une m\u00e9thode de fabrication minutieuse, un produit de haute qualit\u00e9, tr\u00e8s robuste et de plus grande durabilit\u00e9.<\/p>\n<p>Nous disposons dans notre magasin d\u2019un tr\u00e8s large stock qui nous permet de satisfaire rapidement les besoins de nos clients.<\/p>\n<p>L\u2019arbre porte-fraises long d\u2019usine est disponible en dimensions m\u00e9triques ou en pouces.<\/p>\n<p>L\u2019arbre porte-fraises long peut \u00eatre configur\u00e9 de diff\u00e9rentes mani\u00e8res en fonction de vos besoins (consultez notre catalogue):<\/p>\n<p>OPTION-A = arbre nu + anneau de but\u00e9e + clavette + \u00e9crou<\/p>\n<p><img loading=\"lazy\" decoding=\"async\" class=\"alignnone size-full wp-image-1290\" src=\"http:\/\/www.recaccesorios.com\/wp-content\/uploads\/2020\/01\/fromaA-300x58.png\" alt=\"\" width=\"300\" height=\"58\" \/><\/p>\n<p>OPTION-B = OPTION A + 1 jeu d\u2019entretoises<\/p>\n<p><img loading=\"lazy\" decoding=\"async\" class=\"alignnone size-medium wp-image-1287\" src=\"https:\/\/www.recaccesorios.com\/wp-content\/uploads\/2020\/01\/formaB-300x58-300x58.png\" alt=\"\" width=\"300\" height=\"58\" \/><\/p>\n<p>OPTION-C = OPTION B + 1 bague<\/p>\n<p><img loading=\"lazy\" decoding=\"async\" class=\"alignnone size-full wp-image-1288\" src=\"http:\/\/www.recaccesorios.com\/wp-content\/uploads\/2020\/01\/formaC-300x58.png\" alt=\"\" width=\"300\" height=\"58\" \/><\/p>\n<p>OPTION-D = OPTION B + 2 bagues<\/p>\n<p><img loading=\"lazy\" decoding=\"async\" class=\"alignnone size-full wp-image-1289\" src=\"http:\/\/www.recaccesorios.com\/wp-content\/uploads\/2020\/01\/formaD-300x58.png\" alt=\"\" width=\"300\" height=\"58\" \/><\/p>\n<p>Les composants peuvent aussi \u00eatre vendus s\u00e9par\u00e9ment.<\/p>\n<\/div><\/section><br \/>\n\n<style type=\"text\/css\" data-created_by=\"avia_inline_auto\" id=\"style-css-av-n5eph-4087c831c9dcb9b42da0f7ebce284a88\">\n#top .hr.hr-invisible.av-n5eph-4087c831c9dcb9b42da0f7ebce284a88{\nheight:10px;\n}\n<\/style>\n<div  class='hr av-n5eph-4087c831c9dcb9b42da0f7ebce284a88 hr-invisible  avia-builder-el-6  el_after_av_textblock  avia-builder-el-last '><span class='hr-inner '><span class=\"hr-inner-style\"><\/span><\/span><\/div><\/p><\/div>\n\n<style type=\"text\/css\" data-created_by=\"avia_inline_auto\" id=\"style-css-av-7kmgh-7d0402d56f45a86da71f505683e54803\">\n.flex_column.av-7kmgh-7d0402d56f45a86da71f505683e54803{\nborder-radius:0px 0px 0px 0px;\npadding:0px 0px 0px 0px;\n}\n<\/style>\n<div  class='flex_column av-7kmgh-7d0402d56f45a86da71f505683e54803 av_one_half  avia-builder-el-7  el_after_av_one_half  el_before_av_one_full  flex_column_div av-zero-column-padding  column-top-margin'     ><style type=\"text\/css\" data-created_by=\"avia_inline_auto\" id=\"style-css-av-jqpfpvoe-5437620aa1f9e6311dcac3ce2f110c4a\">\n#top .avia-gallery.av-jqpfpvoe-5437620aa1f9e6311dcac3ce2f110c4a .avia-gallery-thumb a{\nwidth:25%;\n}\n<\/style>\n<div  class='avia-gallery av-jqpfpvoe-5437620aa1f9e6311dcac3ce2f110c4a avia_animate_when_visible  avia-builder-el-8  avia-builder-el-no-sibling  avia_lazyload av-slideshow-ui av-loop-manual-endless av-control-hidden av-navigate-arrows av-navigate-dots hover-effect av-control-hidden avia-gallery-animate avia-gallery-1'  itemprop=\"image\" itemscope=\"itemscope\" itemtype=\"https:\/\/schema.org\/ImageObject\" ><meta itemprop=\"contentURL\" content=\"https:\/\/www.recaccesorios.com\/fr\/services\/arbres-porte-fraises-longs\/\"><a class='avia-gallery-big fakeLightbox lightbox avia-gallery-big-crop-thumb ' href=\"https:\/\/www.recaccesorios.com\/wp-content\/uploads\/2020\/01\/W_MG_9460.jpg\" data-srcset=\"https:\/\/www.recaccesorios.com\/wp-content\/uploads\/2020\/01\/W_MG_9460.jpg 850w, https:\/\/www.recaccesorios.com\/wp-content\/uploads\/2020\/01\/W_MG_9460-300x200.jpg 300w, https:\/\/www.recaccesorios.com\/wp-content\/uploads\/2020\/01\/W_MG_9460-768x512.jpg 768w, https:\/\/www.recaccesorios.com\/wp-content\/uploads\/2020\/01\/W_MG_9460-705x470.jpg 705w, https:\/\/www.recaccesorios.com\/wp-content\/uploads\/2020\/01\/W_MG_9460-450x300.jpg 450w\" data-sizes=\"(max-width: 850px) 100vw, 850px\"  data-onclick='1' title='W_MG_9460' ><span class='avia-gallery-big-inner'  itemprop=\"thumbnailUrl\" ><img decoding=\"async\" fetchpriority=\"high\" class=\"wp-image-2899 avia-img-lazy-loading-not-2899\"  width=\"300\" height=\"200\" src=\"https:\/\/www.recaccesorios.com\/wp-content\/uploads\/2020\/01\/W_MG_9460-300x200.jpg\" title='W_MG_9460' alt='' srcset=\"https:\/\/www.recaccesorios.com\/wp-content\/uploads\/2020\/01\/W_MG_9460-300x200.jpg 300w, https:\/\/www.recaccesorios.com\/wp-content\/uploads\/2020\/01\/W_MG_9460-768x512.jpg 768w, https:\/\/www.recaccesorios.com\/wp-content\/uploads\/2020\/01\/W_MG_9460-845x567.jpg 845w, https:\/\/www.recaccesorios.com\/wp-content\/uploads\/2020\/01\/W_MG_9460-705x470.jpg 705w, https:\/\/www.recaccesorios.com\/wp-content\/uploads\/2020\/01\/W_MG_9460-450x300.jpg 450w, https:\/\/www.recaccesorios.com\/wp-content\/uploads\/2020\/01\/W_MG_9460.jpg 850w\" sizes=\"(max-width: 300px) 100vw, 300px\" \/><\/span><\/a><div class='avia-gallery-thumb'><a href=\"https:\/\/www.recaccesorios.com\/wp-content\/uploads\/2020\/01\/W_MG_9460.jpg\" data-srcset=\"https:\/\/www.recaccesorios.com\/wp-content\/uploads\/2020\/01\/W_MG_9460.jpg 850w, https:\/\/www.recaccesorios.com\/wp-content\/uploads\/2020\/01\/W_MG_9460-300x200.jpg 300w, https:\/\/www.recaccesorios.com\/wp-content\/uploads\/2020\/01\/W_MG_9460-768x512.jpg 768w, https:\/\/www.recaccesorios.com\/wp-content\/uploads\/2020\/01\/W_MG_9460-705x470.jpg 705w, https:\/\/www.recaccesorios.com\/wp-content\/uploads\/2020\/01\/W_MG_9460-450x300.jpg 450w\" data-sizes=\"(max-width: 850px) 100vw, 850px\" data-rel='gallery-1' data-prev-img='https:\/\/www.recaccesorios.com\/wp-content\/uploads\/2020\/01\/W_MG_9460-300x200.jpg' class='first_thumb lightbox ' data-onclick='1' title='W_MG_9460'  itemprop=\"thumbnailUrl\"  ><img decoding=\"async\" fetchpriority=\"high\" class=\"wp-image-2899 avia-img-lazy-loading-not-2899\"   src=\"https:\/\/www.recaccesorios.com\/wp-content\/uploads\/2020\/01\/W_MG_9460-495x400.jpg\" width=\"495\" height=\"400\"  title='W_MG_9460' alt='' \/><div class='big-prev-fake'><img decoding=\"async\" loading=\"lazy\" class=\"wp-image-2899 avia-img-lazy-loading-2899\"  width=\"300\" height=\"200\" src=\"https:\/\/www.recaccesorios.com\/wp-content\/uploads\/2020\/01\/W_MG_9460-300x200.jpg\" title='W_MG_9460' alt='' srcset=\"https:\/\/www.recaccesorios.com\/wp-content\/uploads\/2020\/01\/W_MG_9460-300x200.jpg 300w, https:\/\/www.recaccesorios.com\/wp-content\/uploads\/2020\/01\/W_MG_9460-768x512.jpg 768w, https:\/\/www.recaccesorios.com\/wp-content\/uploads\/2020\/01\/W_MG_9460-845x567.jpg 845w, https:\/\/www.recaccesorios.com\/wp-content\/uploads\/2020\/01\/W_MG_9460-705x470.jpg 705w, https:\/\/www.recaccesorios.com\/wp-content\/uploads\/2020\/01\/W_MG_9460-450x300.jpg 450w, https:\/\/www.recaccesorios.com\/wp-content\/uploads\/2020\/01\/W_MG_9460.jpg 850w\" sizes=\"auto, (max-width: 300px) 100vw, 300px\" \/><\/div><\/a><a href=\"https:\/\/www.recaccesorios.com\/wp-content\/uploads\/2020\/01\/W_MG_9459.jpg\" data-srcset=\"https:\/\/www.recaccesorios.com\/wp-content\/uploads\/2020\/01\/W_MG_9459.jpg 850w, https:\/\/www.recaccesorios.com\/wp-content\/uploads\/2020\/01\/W_MG_9459-300x200.jpg 300w, https:\/\/www.recaccesorios.com\/wp-content\/uploads\/2020\/01\/W_MG_9459-768x512.jpg 768w, https:\/\/www.recaccesorios.com\/wp-content\/uploads\/2020\/01\/W_MG_9459-705x470.jpg 705w, https:\/\/www.recaccesorios.com\/wp-content\/uploads\/2020\/01\/W_MG_9459-450x300.jpg 450w\" data-sizes=\"(max-width: 850px) 100vw, 850px\" data-rel='gallery-1' data-prev-img='https:\/\/www.recaccesorios.com\/wp-content\/uploads\/2020\/01\/W_MG_9459-300x200.jpg' class='lightbox ' data-onclick='2' title='Arbol porta fresas'  itemprop=\"thumbnailUrl\"  ><img decoding=\"async\" fetchpriority=\"high\" class=\"wp-image-2901 avia-img-lazy-loading-not-2901\"   src=\"https:\/\/www.recaccesorios.com\/wp-content\/uploads\/2020\/01\/W_MG_9459-495x400.jpg\" width=\"495\" height=\"400\"  title='Arbol porta fresas' alt='' \/><div class='big-prev-fake'><img decoding=\"async\" loading=\"lazy\" class=\"wp-image-2901 avia-img-lazy-loading-2901\"  width=\"300\" height=\"200\" src=\"https:\/\/www.recaccesorios.com\/wp-content\/uploads\/2020\/01\/W_MG_9459-300x200.jpg\" title='Arbol porta fresas' alt='' srcset=\"https:\/\/www.recaccesorios.com\/wp-content\/uploads\/2020\/01\/W_MG_9459-300x200.jpg 300w, https:\/\/www.recaccesorios.com\/wp-content\/uploads\/2020\/01\/W_MG_9459-768x512.jpg 768w, https:\/\/www.recaccesorios.com\/wp-content\/uploads\/2020\/01\/W_MG_9459-845x567.jpg 845w, https:\/\/www.recaccesorios.com\/wp-content\/uploads\/2020\/01\/W_MG_9459-705x470.jpg 705w, https:\/\/www.recaccesorios.com\/wp-content\/uploads\/2020\/01\/W_MG_9459-450x300.jpg 450w, https:\/\/www.recaccesorios.com\/wp-content\/uploads\/2020\/01\/W_MG_9459.jpg 850w\" sizes=\"auto, (max-width: 300px) 100vw, 300px\" \/><\/div><\/a><a href=\"https:\/\/www.recaccesorios.com\/wp-content\/uploads\/2020\/01\/W_MG_9457.jpg\" data-srcset=\"https:\/\/www.recaccesorios.com\/wp-content\/uploads\/2020\/01\/W_MG_9457.jpg 850w, https:\/\/www.recaccesorios.com\/wp-content\/uploads\/2020\/01\/W_MG_9457-300x200.jpg 300w, https:\/\/www.recaccesorios.com\/wp-content\/uploads\/2020\/01\/W_MG_9457-768x512.jpg 768w, https:\/\/www.recaccesorios.com\/wp-content\/uploads\/2020\/01\/W_MG_9457-705x470.jpg 705w, https:\/\/www.recaccesorios.com\/wp-content\/uploads\/2020\/01\/W_MG_9457-450x300.jpg 450w\" data-sizes=\"(max-width: 850px) 100vw, 850px\" data-rel='gallery-1' data-prev-img='https:\/\/www.recaccesorios.com\/wp-content\/uploads\/2020\/01\/W_MG_9457-300x200.jpg' class='lightbox ' data-onclick='3' title='W_MG_9457'  itemprop=\"thumbnailUrl\"  ><img decoding=\"async\" fetchpriority=\"high\" class=\"wp-image-2919 avia-img-lazy-loading-not-2919\"   src=\"https:\/\/www.recaccesorios.com\/wp-content\/uploads\/2020\/01\/W_MG_9457-495x400.jpg\" width=\"495\" height=\"400\"  title='W_MG_9457' alt='' \/><div class='big-prev-fake'><img decoding=\"async\" loading=\"lazy\" class=\"wp-image-2919 avia-img-lazy-loading-2919\"  width=\"300\" height=\"200\" src=\"https:\/\/www.recaccesorios.com\/wp-content\/uploads\/2020\/01\/W_MG_9457-300x200.jpg\" title='W_MG_9457' alt='' srcset=\"https:\/\/www.recaccesorios.com\/wp-content\/uploads\/2020\/01\/W_MG_9457-300x200.jpg 300w, https:\/\/www.recaccesorios.com\/wp-content\/uploads\/2020\/01\/W_MG_9457-768x512.jpg 768w, https:\/\/www.recaccesorios.com\/wp-content\/uploads\/2020\/01\/W_MG_9457-845x567.jpg 845w, https:\/\/www.recaccesorios.com\/wp-content\/uploads\/2020\/01\/W_MG_9457-705x470.jpg 705w, https:\/\/www.recaccesorios.com\/wp-content\/uploads\/2020\/01\/W_MG_9457-450x300.jpg 450w, https:\/\/www.recaccesorios.com\/wp-content\/uploads\/2020\/01\/W_MG_9457.jpg 850w\" sizes=\"auto, (max-width: 300px) 100vw, 300px\" \/><\/div><\/a><a href=\"https:\/\/www.recaccesorios.com\/wp-content\/uploads\/2020\/01\/W_MG_9461.jpg\" data-srcset=\"https:\/\/www.recaccesorios.com\/wp-content\/uploads\/2020\/01\/W_MG_9461.jpg 850w, https:\/\/www.recaccesorios.com\/wp-content\/uploads\/2020\/01\/W_MG_9461-300x200.jpg 300w, https:\/\/www.recaccesorios.com\/wp-content\/uploads\/2020\/01\/W_MG_9461-768x512.jpg 768w, https:\/\/www.recaccesorios.com\/wp-content\/uploads\/2020\/01\/W_MG_9461-705x470.jpg 705w, https:\/\/www.recaccesorios.com\/wp-content\/uploads\/2020\/01\/W_MG_9461-450x300.jpg 450w\" data-sizes=\"(max-width: 850px) 100vw, 850px\" data-rel='gallery-1' data-prev-img='https:\/\/www.recaccesorios.com\/wp-content\/uploads\/2020\/01\/W_MG_9461-300x200.jpg' class='lightbox ' data-onclick='4' title='W_MG_9461'  itemprop=\"thumbnailUrl\"  ><img decoding=\"async\" fetchpriority=\"high\" class=\"wp-image-2931 avia-img-lazy-loading-not-2931\"   src=\"https:\/\/www.recaccesorios.com\/wp-content\/uploads\/2020\/01\/W_MG_9461-495x400.jpg\" width=\"495\" height=\"400\"  title='W_MG_9461' alt='' \/><div class='big-prev-fake'><img decoding=\"async\" loading=\"lazy\" class=\"wp-image-2931 avia-img-lazy-loading-2931\"  width=\"300\" height=\"200\" src=\"https:\/\/www.recaccesorios.com\/wp-content\/uploads\/2020\/01\/W_MG_9461-300x200.jpg\" title='W_MG_9461' alt='' srcset=\"https:\/\/www.recaccesorios.com\/wp-content\/uploads\/2020\/01\/W_MG_9461-300x200.jpg 300w, https:\/\/www.recaccesorios.com\/wp-content\/uploads\/2020\/01\/W_MG_9461-768x512.jpg 768w, https:\/\/www.recaccesorios.com\/wp-content\/uploads\/2020\/01\/W_MG_9461-845x567.jpg 845w, https:\/\/www.recaccesorios.com\/wp-content\/uploads\/2020\/01\/W_MG_9461-705x470.jpg 705w, https:\/\/www.recaccesorios.com\/wp-content\/uploads\/2020\/01\/W_MG_9461-450x300.jpg 450w, https:\/\/www.recaccesorios.com\/wp-content\/uploads\/2020\/01\/W_MG_9461.jpg 850w\" sizes=\"auto, (max-width: 300px) 100vw, 300px\" \/><\/div><\/a><a href=\"https:\/\/www.recaccesorios.com\/wp-content\/uploads\/2020\/01\/W_MG_9463.jpg\" data-srcset=\"https:\/\/www.recaccesorios.com\/wp-content\/uploads\/2020\/01\/W_MG_9463.jpg 850w, https:\/\/www.recaccesorios.com\/wp-content\/uploads\/2020\/01\/W_MG_9463-300x200.jpg 300w, https:\/\/www.recaccesorios.com\/wp-content\/uploads\/2020\/01\/W_MG_9463-768x512.jpg 768w, https:\/\/www.recaccesorios.com\/wp-content\/uploads\/2020\/01\/W_MG_9463-705x470.jpg 705w, https:\/\/www.recaccesorios.com\/wp-content\/uploads\/2020\/01\/W_MG_9463-450x300.jpg 450w\" data-sizes=\"(max-width: 850px) 100vw, 850px\" data-rel='gallery-1' data-prev-img='https:\/\/www.recaccesorios.com\/wp-content\/uploads\/2020\/01\/W_MG_9463-300x200.jpg' class='first_thumb lightbox ' data-onclick='5' title='W_MG_9463'  itemprop=\"thumbnailUrl\"  ><img decoding=\"async\" fetchpriority=\"high\" class=\"wp-image-2933 avia-img-lazy-loading-not-2933\"   src=\"https:\/\/www.recaccesorios.com\/wp-content\/uploads\/2020\/01\/W_MG_9463-495x400.jpg\" width=\"495\" height=\"400\"  title='W_MG_9463' alt='' \/><div class='big-prev-fake'><img decoding=\"async\" loading=\"lazy\" class=\"wp-image-2933 avia-img-lazy-loading-2933\"  width=\"300\" height=\"200\" src=\"https:\/\/www.recaccesorios.com\/wp-content\/uploads\/2020\/01\/W_MG_9463-300x200.jpg\" title='W_MG_9463' alt='' srcset=\"https:\/\/www.recaccesorios.com\/wp-content\/uploads\/2020\/01\/W_MG_9463-300x200.jpg 300w, https:\/\/www.recaccesorios.com\/wp-content\/uploads\/2020\/01\/W_MG_9463-768x512.jpg 768w, https:\/\/www.recaccesorios.com\/wp-content\/uploads\/2020\/01\/W_MG_9463-845x567.jpg 845w, https:\/\/www.recaccesorios.com\/wp-content\/uploads\/2020\/01\/W_MG_9463-705x470.jpg 705w, https:\/\/www.recaccesorios.com\/wp-content\/uploads\/2020\/01\/W_MG_9463-450x300.jpg 450w, https:\/\/www.recaccesorios.com\/wp-content\/uploads\/2020\/01\/W_MG_9463.jpg 850w\" sizes=\"auto, (max-width: 300px) 100vw, 300px\" \/><\/div><\/a><\/div><\/div><\/div>\n\n<style type=\"text\/css\" data-created_by=\"avia_inline_auto\" id=\"style-css-av-118f0t-b8fc1acf16c871dcb6aa298ceb1c26d3\">\n.flex_column.av-118f0t-b8fc1acf16c871dcb6aa298ceb1c26d3{\nborder-radius:0px 0px 0px 0px;\npadding:0px 0px 0px 0px;\n}\n<\/style>\n<div  class='flex_column av-118f0t-b8fc1acf16c871dcb6aa298ceb1c26d3 av_one_full  avia-builder-el-9  el_after_av_one_half  avia-builder-el-last  first flex_column_div av-zero-column-padding  column-top-margin'     ><p>\n<style type=\"text\/css\" data-created_by=\"avia_inline_auto\" id=\"style-css-av-n5eph-4087c831c9dcb9b42da0f7ebce284a88\">\n#top .hr.hr-invisible.av-n5eph-4087c831c9dcb9b42da0f7ebce284a88{\nheight:10px;\n}\n<\/style>\n<div  class='hr av-n5eph-4087c831c9dcb9b42da0f7ebce284a88 hr-invisible  avia-builder-el-10  el_before_av_button_big  avia-builder-el-no-sibling '><span class='hr-inner '><span class=\"hr-inner-style\"><\/span><\/span><\/div><br \/>\n<div  class='avia-button-wrap avia-button-center  avia-builder-el-11  el_after_av_hr  avia-builder-el-last '>\n<style type=\"text\/css\" data-created_by=\"avia_inline_auto\" id=\"style-css-av-jpvclhlj-a9b2317ab3c85d25e9bad9328d16229b\">\n#top #wrap_all .avia-button.av-jpvclhlj-a9b2317ab3c85d25e9bad9328d16229b{\ncolor:#ffffff;\ntransition:all 0.4s ease-in-out;\n}\n#top #wrap_all .avia-button.av-jpvclhlj-a9b2317ab3c85d25e9bad9328d16229b:hover{\ncolor:#ffffff;\ntransition:all 0.4s ease-in-out;\n}\n<\/style>\n<a href='https:\/\/www.recaccesorios.com\/fr\/contact\/' class='av-icon-on-hover avia-color-theme-color avia-button avia-button-fullwidth av-jpvclhlj-a9b2317ab3c85d25e9bad9328d16229b avia-icon_select-yes-right-icon avia-color-theme-color'  ><span class='avia_iconbox_title' >Recevoir plus d\u2019information<\/span><span class='avia_button_icon avia_button_icon_right' aria-hidden='true' data-av_icon='\ue805' data-av_iconfont='entypo-fontello'><\/span><span class='avia_button_background avia-button avia-button-fullwidth avia-color-theme-color'><\/span><\/a><\/div><\/p><\/div>\n","protected":false},"excerpt":{"rendered":"","protected":false},"author":3,"featured_media":0,"parent":2503,"menu_order":0,"comment_status":"closed","ping_status":"closed","template":"","meta":{"_monsterinsights_skip_tracking":false,"_monsterinsights_sitenote_active":false,"_monsterinsights_sitenote_note":"","_monsterinsights_sitenote_category":0,"footnotes":""},"class_list":["post-2679","page","type-page","status-publish","hentry"],"_links":{"self":[{"href":"https:\/\/www.recaccesorios.com\/fr\/wp-json\/wp\/v2\/pages\/2679","targetHints":{"allow":["GET"]}}],"collection":[{"href":"https:\/\/www.recaccesorios.com\/fr\/wp-json\/wp\/v2\/pages"}],"about":[{"href":"https:\/\/www.recaccesorios.com\/fr\/wp-json\/wp\/v2\/types\/page"}],"author":[{"embeddable":true,"href":"https:\/\/www.recaccesorios.com\/fr\/wp-json\/wp\/v2\/users\/3"}],"replies":[{"embeddable":true,"href":"https:\/\/www.recaccesorios.com\/fr\/wp-json\/wp\/v2\/comments?post=2679"}],"version-history":[{"count":7,"href":"https:\/\/www.recaccesorios.com\/fr\/wp-json\/wp\/v2\/pages\/2679\/revisions"}],"predecessor-version":[{"id":2744,"href":"https:\/\/www.recaccesorios.com\/fr\/wp-json\/wp\/v2\/pages\/2679\/revisions\/2744"}],"up":[{"embeddable":true,"href":"https:\/\/www.recaccesorios.com\/fr\/wp-json\/wp\/v2\/pages\/2503"}],"wp:attachment":[{"href":"https:\/\/www.recaccesorios.com\/fr\/wp-json\/wp\/v2\/media?parent=2679"}],"curies":[{"name":"wp","href":"https:\/\/api.w.org\/{rel}","templated":true}]}}