{"id":2693,"date":"2020-10-21T18:31:18","date_gmt":"2020-10-21T16:31:18","guid":{"rendered":"https:\/\/www.recaccesorios.com\/services\/servicio-de-termometria-piezas-en-guipuzcoa\/"},"modified":"2022-01-27T12:03:10","modified_gmt":"2022-01-27T11:03:10","slug":"service-de-metrologie","status":"publish","type":"page","link":"https:\/\/www.recaccesorios.com\/fr\/services\/service-de-metrologie\/","title":{"rendered":"Service de m\u00e9trologie"},"content":{"rendered":"\n<style type=\"text\/css\" data-created_by=\"avia_inline_auto\" id=\"style-css-av-118f0t-b8fc1acf16c871dcb6aa298ceb1c26d3\">\n.flex_column.av-118f0t-b8fc1acf16c871dcb6aa298ceb1c26d3{\nborder-radius:0px 0px 0px 0px;\npadding:0px 0px 0px 0px;\n}\n<\/style>\n<div  class='flex_column av-118f0t-b8fc1acf16c871dcb6aa298ceb1c26d3 av_one_full  avia-builder-el-0  el_before_av_one_half  avia-builder-el-first  first flex_column_div av-zero-column-padding  '     ><style type=\"text\/css\" data-created_by=\"avia_inline_auto\" id=\"style-css-av-xbvlx-38b3a492500ea74482529790f8fea666\">\n.avia-image-container.av-xbvlx-38b3a492500ea74482529790f8fea666 img.avia_image{\nbox-shadow:none;\n}\n.avia-image-container.av-xbvlx-38b3a492500ea74482529790f8fea666 .av-image-caption-overlay-center{\ncolor:#ffffff;\n}\n<\/style>\n<div  class='avia-image-container av-xbvlx-38b3a492500ea74482529790f8fea666 av-styling- avia-align-center  avia-builder-el-1  avia-builder-el-no-sibling '   itemprop=\"image\" itemscope=\"itemscope\" itemtype=\"https:\/\/schema.org\/ImageObject\" ><div class=\"avia-image-container-inner\"><div class=\"avia-image-overlay-wrap\"><img decoding=\"async\" fetchpriority=\"high\" class='wp-image-2973 avia-img-lazy-loading-not-2973 avia_image ' src=\"https:\/\/www.recaccesorios.com\/wp-content\/uploads\/2020\/10\/rec-accesorios-termometria--dsc9482-2-1500x630.jpg\" alt='' title='REc accesorios -termometria__DSC9482-2'  height=\"630\" width=\"1500\"  itemprop=\"thumbnailUrl\"  \/><\/div><\/div><\/div><\/div>\n\n<style type=\"text\/css\" data-created_by=\"avia_inline_auto\" id=\"style-css-av-hujl5-966fe9631d33d8bc22194ab25b5c5652\">\n.flex_column.av-hujl5-966fe9631d33d8bc22194ab25b5c5652{\nborder-radius:0px 0px 0px 0px;\npadding:0px 0px 0px 0px;\n}\n<\/style>\n<div  class='flex_column av-hujl5-966fe9631d33d8bc22194ab25b5c5652 av_one_half  avia-builder-el-2  el_after_av_one_full  el_before_av_one_half  first flex_column_div av-zero-column-padding  column-top-margin'     ><p>\n<style type=\"text\/css\" data-created_by=\"avia_inline_auto\" id=\"style-css-av-av_heading-a2110dd61cd298b0e58b32b1b09d21e3\">\n#top .av-special-heading.av-av_heading-a2110dd61cd298b0e58b32b1b09d21e3{\npadding-bottom:10px;\ncolor:#5067cc;\nfont-size:44px;\n}\nbody .av-special-heading.av-av_heading-a2110dd61cd298b0e58b32b1b09d21e3 .av-special-heading-tag .heading-char{\nfont-size:25px;\n}\n#top #wrap_all .av-special-heading.av-av_heading-a2110dd61cd298b0e58b32b1b09d21e3 .av-special-heading-tag{\nfont-size:44px;\n}\n.av-special-heading.av-av_heading-a2110dd61cd298b0e58b32b1b09d21e3 .special-heading-inner-border{\nborder-color:#5067cc;\n}\n.av-special-heading.av-av_heading-a2110dd61cd298b0e58b32b1b09d21e3 .av-subheading{\nfont-size:15px;\n}\n\n@media only screen and (min-width: 480px) and (max-width: 767px){ \n#top #wrap_all .av-special-heading.av-av_heading-a2110dd61cd298b0e58b32b1b09d21e3 .av-special-heading-tag{\nfont-size:0.8em;\n}\n}\n\n@media only screen and (max-width: 479px){ \n#top #wrap_all .av-special-heading.av-av_heading-a2110dd61cd298b0e58b32b1b09d21e3 .av-special-heading-tag{\nfont-size:0.8em;\n}\n}\n<\/style>\n<div  class='av-special-heading av-av_heading-a2110dd61cd298b0e58b32b1b09d21e3 av-special-heading-h2 custom-color-heading blockquote modern-quote  avia-builder-el-3  el_before_av_hr  avia-builder-el-first  av-inherit-size'><h2 class='av-special-heading-tag'  itemprop=\"headline\"  >Service de m\u00e9trologie<\/h2><div class=\"special-heading-border\"><div class=\"special-heading-inner-border\"><\/div><\/div><\/div><br \/>\n\n<style type=\"text\/css\" data-created_by=\"avia_inline_auto\" id=\"style-css-av-n5eph-089d3bfc5b6c01f9776bc3b3b0d1993e\">\n#top .hr.hr-invisible.av-n5eph-089d3bfc5b6c01f9776bc3b3b0d1993e{\nheight:20px;\n}\n<\/style>\n<div  class='hr av-n5eph-089d3bfc5b6c01f9776bc3b3b0d1993e hr-invisible  avia-builder-el-4  el_after_av_heading  el_before_av_textblock '><span class='hr-inner '><span class=\"hr-inner-style\"><\/span><\/span><\/div><br \/>\n<section  class='av_textblock_section av-cz8lx-37c7734009640a220824279beebcd140 '   itemscope=\"itemscope\" itemtype=\"https:\/\/schema.org\/CreativeWork\" ><div class='avia_textblock'  itemprop=\"text\" ><p><strong>NOTRE LABORATOIRE: <\/strong>il allie le meilleur de notre \u00e9quipe de professionnels (un m\u00e9trologue dipl\u00f4m\u00e9) et de nos \u00e9quipements techniques (avec par exemple une tridimensionnelle haute performance Zeiss), dans un environnement compl\u00e8tement climatis\u00e9. Il nous permet de garantir \u00e0 nos clients une qualit\u00e9 maximale.<br \/>\n<strong>Nous proposons un SERVICE DE M\u00c9TROLOGIE:<\/strong> il est dirig\u00e9 par nos ing\u00e9nieurs du Bureau Technique et s\u2019appuie sur notre laboratoire \u00e9quip\u00e9 des moyens les plus modernes et les plus sophistiqu\u00e9s, dans un environnement o\u00f9 la temp\u00e9rature et l\u2019humidit\u00e9 sont rigoureusement contr\u00f4l\u00e9es.<\/p>\n<\/div><\/section><br \/>\n<div  class='avia-button-wrap avia-button-center  avia-builder-el-6  el_after_av_textblock  avia-builder-el-last '>\n<style type=\"text\/css\" data-created_by=\"avia_inline_auto\" id=\"style-css-av-jpvclhlj-d21ca67630e1d69569577cec81f6a4bd\">\n#top #wrap_all .avia-button.av-jpvclhlj-d21ca67630e1d69569577cec81f6a4bd{\ncolor:#ffffff;\ntransition:all 0.4s ease-in-out;\n}\n#top #wrap_all .avia-button.av-jpvclhlj-d21ca67630e1d69569577cec81f6a4bd:hover{\ncolor:#ffffff;\ntransition:all 0.4s ease-in-out;\n}\n<\/style>\n<a href='https:\/\/www.recaccesorios.com\/fr\/contact\/' class='av-icon-on-hover avia-color-theme-color avia-button avia-button-fullwidth av-jpvclhlj-d21ca67630e1d69569577cec81f6a4bd avia-icon_select-yes-right-icon avia-color-theme-color'  ><span class='avia_iconbox_title' >Recevoir plus d\u2019information<\/span><span class='avia_button_icon avia_button_icon_right' aria-hidden='true' data-av_icon='\uf13e' data-av_iconfont='light_'><\/span><span class='avia_button_background avia-button avia-button-fullwidth avia-color-theme-color'><\/span><\/a><\/div><\/p><\/div>\n<style type=\"text\/css\" data-created_by=\"avia_inline_auto\" id=\"style-css-av-7kmgh-7d0402d56f45a86da71f505683e54803\">\n.flex_column.av-7kmgh-7d0402d56f45a86da71f505683e54803{\nborder-radius:0px 0px 0px 0px;\npadding:0px 0px 0px 0px;\n}\n<\/style>\n<div  class='flex_column av-7kmgh-7d0402d56f45a86da71f505683e54803 av_one_half  avia-builder-el-7  el_after_av_one_half  avia-builder-el-last  flex_column_div av-zero-column-padding  column-top-margin'     ><style type=\"text\/css\" data-created_by=\"avia_inline_auto\" id=\"style-css-av-jqpfpvoe-aa011bc162ab714938101077383c7066\">\n#top .avia-gallery.av-jqpfpvoe-aa011bc162ab714938101077383c7066 .avia-gallery-thumb a{\nwidth:33.3333%;\n}\n<\/style>\n<div  class='avia-gallery av-jqpfpvoe-aa011bc162ab714938101077383c7066 avia_animate_when_visible  avia-builder-el-8  avia-builder-el-no-sibling  avia_lazyload av-slideshow-ui av-loop-manual-endless av-control-hidden av-navigate-arrows av-navigate-dots hover-effect av-control-hidden avia-gallery-animate avia-gallery-1'  itemprop=\"image\" itemscope=\"itemscope\" itemtype=\"https:\/\/schema.org\/ImageObject\" ><meta itemprop=\"contentURL\" content=\"https:\/\/www.recaccesorios.com\/fr\/services\/service-de-metrologie\/\"><a class='avia-gallery-big fakeLightbox lightbox avia-gallery-big-no-crop-thumb ' href=\"https:\/\/www.recaccesorios.com\/wp-content\/uploads\/2020\/10\/zeiss-accura-product-image-1030x829.png\" data-srcset=\"https:\/\/www.recaccesorios.com\/wp-content\/uploads\/2020\/10\/zeiss-accura-product-image-1030x829.png 1030w, https:\/\/www.recaccesorios.com\/wp-content\/uploads\/2020\/10\/zeiss-accura-product-image-300x241.png 300w, https:\/\/www.recaccesorios.com\/wp-content\/uploads\/2020\/10\/zeiss-accura-product-image-768x618.png 768w, https:\/\/www.recaccesorios.com\/wp-content\/uploads\/2020\/10\/zeiss-accura-product-image-1536x1236.png 1536w, https:\/\/www.recaccesorios.com\/wp-content\/uploads\/2020\/10\/zeiss-accura-product-image-2048x1648.png 2048w, https:\/\/www.recaccesorios.com\/wp-content\/uploads\/2020\/10\/zeiss-accura-product-image-1500x1207.png 1500w, https:\/\/www.recaccesorios.com\/wp-content\/uploads\/2020\/10\/zeiss-accura-product-image-705x567.png 705w, https:\/\/www.recaccesorios.com\/wp-content\/uploads\/2020\/10\/zeiss-accura-product-image-450x362.png 450w\" data-sizes=\"(max-width: 1030px) 100vw, 1030px\"  data-onclick='1' title='M\u00e9trologia' ><span class='avia-gallery-big-inner'  itemprop=\"thumbnailUrl\" ><img decoding=\"async\" fetchpriority=\"high\" class=\"wp-image-2985 avia-img-lazy-loading-not-2985\"  width=\"300\" height=\"241\" src=\"https:\/\/www.recaccesorios.com\/wp-content\/uploads\/2020\/10\/zeiss-accura-product-image-300x241.png\" title='M\u00e9trologia' alt='' srcset=\"https:\/\/www.recaccesorios.com\/wp-content\/uploads\/2020\/10\/zeiss-accura-product-image-300x241.png 300w, https:\/\/www.recaccesorios.com\/wp-content\/uploads\/2020\/10\/zeiss-accura-product-image-1030x829.png 1030w, https:\/\/www.recaccesorios.com\/wp-content\/uploads\/2020\/10\/zeiss-accura-product-image-768x618.png 768w, https:\/\/www.recaccesorios.com\/wp-content\/uploads\/2020\/10\/zeiss-accura-product-image-1536x1236.png 1536w, https:\/\/www.recaccesorios.com\/wp-content\/uploads\/2020\/10\/zeiss-accura-product-image-2048x1648.png 2048w, https:\/\/www.recaccesorios.com\/wp-content\/uploads\/2020\/10\/zeiss-accura-product-image-1500x1207.png 1500w, https:\/\/www.recaccesorios.com\/wp-content\/uploads\/2020\/10\/zeiss-accura-product-image-495x400.png 495w, https:\/\/www.recaccesorios.com\/wp-content\/uploads\/2020\/10\/zeiss-accura-product-image-705x567.png 705w, https:\/\/www.recaccesorios.com\/wp-content\/uploads\/2020\/10\/zeiss-accura-product-image-450x362.png 450w\" sizes=\"(max-width: 300px) 100vw, 300px\" \/><\/span><\/a><div class='avia-gallery-thumb'><a href=\"https:\/\/www.recaccesorios.com\/wp-content\/uploads\/2020\/10\/zeiss-accura-product-image-1030x829.png\" data-srcset=\"https:\/\/www.recaccesorios.com\/wp-content\/uploads\/2020\/10\/zeiss-accura-product-image-1030x829.png 1030w, https:\/\/www.recaccesorios.com\/wp-content\/uploads\/2020\/10\/zeiss-accura-product-image-300x241.png 300w, https:\/\/www.recaccesorios.com\/wp-content\/uploads\/2020\/10\/zeiss-accura-product-image-768x618.png 768w, https:\/\/www.recaccesorios.com\/wp-content\/uploads\/2020\/10\/zeiss-accura-product-image-1536x1236.png 1536w, https:\/\/www.recaccesorios.com\/wp-content\/uploads\/2020\/10\/zeiss-accura-product-image-2048x1648.png 2048w, https:\/\/www.recaccesorios.com\/wp-content\/uploads\/2020\/10\/zeiss-accura-product-image-1500x1207.png 1500w, https:\/\/www.recaccesorios.com\/wp-content\/uploads\/2020\/10\/zeiss-accura-product-image-705x567.png 705w, https:\/\/www.recaccesorios.com\/wp-content\/uploads\/2020\/10\/zeiss-accura-product-image-450x362.png 450w\" data-sizes=\"(max-width: 1030px) 100vw, 1030px\" data-rel='gallery-1' data-prev-img='https:\/\/www.recaccesorios.com\/wp-content\/uploads\/2020\/10\/zeiss-accura-product-image-300x241.png' class='first_thumb lightbox ' data-onclick='1' title='M\u00e9trologia'  itemprop=\"thumbnailUrl\"  ><img decoding=\"async\" fetchpriority=\"high\" class=\"wp-image-2985 avia-img-lazy-loading-not-2985\"   src=\"https:\/\/www.recaccesorios.com\/wp-content\/uploads\/2020\/10\/zeiss-accura-product-image-495x400.png\" width=\"495\" height=\"400\"  title='M\u00e9trologia' alt='' srcset=\"https:\/\/www.recaccesorios.com\/wp-content\/uploads\/2020\/10\/zeiss-accura-product-image-495x400.png 495w, https:\/\/www.recaccesorios.com\/wp-content\/uploads\/2020\/10\/zeiss-accura-product-image-300x241.png 300w, https:\/\/www.recaccesorios.com\/wp-content\/uploads\/2020\/10\/zeiss-accura-product-image-845x684.png 845w\" sizes=\"(max-width: 495px) 100vw, 495px\" \/><div class='big-prev-fake'><img decoding=\"async\" loading=\"lazy\" class=\"wp-image-2985 avia-img-lazy-loading-2985\"  width=\"300\" height=\"241\" src=\"https:\/\/www.recaccesorios.com\/wp-content\/uploads\/2020\/10\/zeiss-accura-product-image-300x241.png\" title='M\u00e9trologia' alt='' srcset=\"https:\/\/www.recaccesorios.com\/wp-content\/uploads\/2020\/10\/zeiss-accura-product-image-300x241.png 300w, https:\/\/www.recaccesorios.com\/wp-content\/uploads\/2020\/10\/zeiss-accura-product-image-1030x829.png 1030w, https:\/\/www.recaccesorios.com\/wp-content\/uploads\/2020\/10\/zeiss-accura-product-image-768x618.png 768w, https:\/\/www.recaccesorios.com\/wp-content\/uploads\/2020\/10\/zeiss-accura-product-image-1536x1236.png 1536w, https:\/\/www.recaccesorios.com\/wp-content\/uploads\/2020\/10\/zeiss-accura-product-image-2048x1648.png 2048w, https:\/\/www.recaccesorios.com\/wp-content\/uploads\/2020\/10\/zeiss-accura-product-image-1500x1207.png 1500w, https:\/\/www.recaccesorios.com\/wp-content\/uploads\/2020\/10\/zeiss-accura-product-image-495x400.png 495w, https:\/\/www.recaccesorios.com\/wp-content\/uploads\/2020\/10\/zeiss-accura-product-image-705x567.png 705w, https:\/\/www.recaccesorios.com\/wp-content\/uploads\/2020\/10\/zeiss-accura-product-image-450x362.png 450w\" sizes=\"auto, (max-width: 300px) 100vw, 300px\" \/><\/div><\/a><a href=\"https:\/\/www.recaccesorios.com\/wp-content\/uploads\/2020\/10\/rec-accesorios-termometria--dsc9480-2-1030x686.jpg\" data-srcset=\"https:\/\/www.recaccesorios.com\/wp-content\/uploads\/2020\/10\/rec-accesorios-termometria--dsc9480-2-1030x686.jpg 1030w, https:\/\/www.recaccesorios.com\/wp-content\/uploads\/2020\/10\/rec-accesorios-termometria--dsc9480-2-300x200.jpg 300w, https:\/\/www.recaccesorios.com\/wp-content\/uploads\/2020\/10\/rec-accesorios-termometria--dsc9480-2-768x512.jpg 768w, https:\/\/www.recaccesorios.com\/wp-content\/uploads\/2020\/10\/rec-accesorios-termometria--dsc9480-2-1536x1024.jpg 1536w, https:\/\/www.recaccesorios.com\/wp-content\/uploads\/2020\/10\/rec-accesorios-termometria--dsc9480-2-1500x1000.jpg 1500w, https:\/\/www.recaccesorios.com\/wp-content\/uploads\/2020\/10\/rec-accesorios-termometria--dsc9480-2-705x470.jpg 705w, https:\/\/www.recaccesorios.com\/wp-content\/uploads\/2020\/10\/rec-accesorios-termometria--dsc9480-2-450x300.jpg 450w, https:\/\/www.recaccesorios.com\/wp-content\/uploads\/2020\/10\/rec-accesorios-termometria--dsc9480-2.jpg 2000w\" data-sizes=\"(max-width: 1030px) 100vw, 1030px\" data-rel='gallery-1' data-prev-img='https:\/\/www.recaccesorios.com\/wp-content\/uploads\/2020\/10\/rec-accesorios-termometria--dsc9480-2-300x200.jpg' class='lightbox ' data-onclick='2' title='REc accesorios -termometria__DSC9480-2'  itemprop=\"thumbnailUrl\"  ><img decoding=\"async\" fetchpriority=\"high\" class=\"wp-image-2967 avia-img-lazy-loading-not-2967\"   src=\"https:\/\/www.recaccesorios.com\/wp-content\/uploads\/2020\/10\/rec-accesorios-termometria--dsc9480-2-495x400.jpg\" width=\"495\" height=\"400\"  title='REc accesorios -termometria__DSC9480-2' alt='' srcset=\"https:\/\/www.recaccesorios.com\/wp-content\/uploads\/2020\/10\/rec-accesorios-termometria--dsc9480-2-495x400.jpg 495w, https:\/\/www.recaccesorios.com\/wp-content\/uploads\/2020\/10\/rec-accesorios-termometria--dsc9480-2-845x684.jpg 845w\" sizes=\"(max-width: 495px) 100vw, 495px\" \/><div class='big-prev-fake'><img decoding=\"async\" loading=\"lazy\" class=\"wp-image-2967 avia-img-lazy-loading-2967\"  width=\"300\" height=\"200\" src=\"https:\/\/www.recaccesorios.com\/wp-content\/uploads\/2020\/10\/rec-accesorios-termometria--dsc9480-2-300x200.jpg\" title='REc accesorios -termometria__DSC9480-2' alt='' srcset=\"https:\/\/www.recaccesorios.com\/wp-content\/uploads\/2020\/10\/rec-accesorios-termometria--dsc9480-2-300x200.jpg 300w, https:\/\/www.recaccesorios.com\/wp-content\/uploads\/2020\/10\/rec-accesorios-termometria--dsc9480-2-1030x686.jpg 1030w, https:\/\/www.recaccesorios.com\/wp-content\/uploads\/2020\/10\/rec-accesorios-termometria--dsc9480-2-768x512.jpg 768w, https:\/\/www.recaccesorios.com\/wp-content\/uploads\/2020\/10\/rec-accesorios-termometria--dsc9480-2-1536x1024.jpg 1536w, https:\/\/www.recaccesorios.com\/wp-content\/uploads\/2020\/10\/rec-accesorios-termometria--dsc9480-2-1500x1000.jpg 1500w, https:\/\/www.recaccesorios.com\/wp-content\/uploads\/2020\/10\/rec-accesorios-termometria--dsc9480-2-705x470.jpg 705w, https:\/\/www.recaccesorios.com\/wp-content\/uploads\/2020\/10\/rec-accesorios-termometria--dsc9480-2-450x300.jpg 450w, https:\/\/www.recaccesorios.com\/wp-content\/uploads\/2020\/10\/rec-accesorios-termometria--dsc9480-2.jpg 2000w\" sizes=\"auto, (max-width: 300px) 100vw, 300px\" \/><\/div><\/a><a href=\"https:\/\/www.recaccesorios.com\/wp-content\/uploads\/2020\/10\/rec-accesorios-termometria--dsc9503-2-1030x696.jpg\" data-srcset=\"https:\/\/www.recaccesorios.com\/wp-content\/uploads\/2020\/10\/rec-accesorios-termometria--dsc9503-2-1030x696.jpg 1030w, https:\/\/www.recaccesorios.com\/wp-content\/uploads\/2020\/10\/rec-accesorios-termometria--dsc9503-2-300x203.jpg 300w, https:\/\/www.recaccesorios.com\/wp-content\/uploads\/2020\/10\/rec-accesorios-termometria--dsc9503-2-768x519.jpg 768w, https:\/\/www.recaccesorios.com\/wp-content\/uploads\/2020\/10\/rec-accesorios-termometria--dsc9503-2-1536x1038.jpg 1536w, https:\/\/www.recaccesorios.com\/wp-content\/uploads\/2020\/10\/rec-accesorios-termometria--dsc9503-2-1500x1013.jpg 1500w, https:\/\/www.recaccesorios.com\/wp-content\/uploads\/2020\/10\/rec-accesorios-termometria--dsc9503-2-705x476.jpg 705w, https:\/\/www.recaccesorios.com\/wp-content\/uploads\/2020\/10\/rec-accesorios-termometria--dsc9503-2-450x304.jpg 450w, https:\/\/www.recaccesorios.com\/wp-content\/uploads\/2020\/10\/rec-accesorios-termometria--dsc9503-2.jpg 2000w\" data-sizes=\"(max-width: 1030px) 100vw, 1030px\" data-rel='gallery-1' data-prev-img='https:\/\/www.recaccesorios.com\/wp-content\/uploads\/2020\/10\/rec-accesorios-termometria--dsc9503-2-300x203.jpg' class='lightbox ' data-onclick='3' title='REc accesorios -termometria__DSC9503-2'  itemprop=\"thumbnailUrl\"  ><img decoding=\"async\" fetchpriority=\"high\" class=\"wp-image-2977 avia-img-lazy-loading-not-2977\"   src=\"https:\/\/www.recaccesorios.com\/wp-content\/uploads\/2020\/10\/rec-accesorios-termometria--dsc9503-2-495x400.jpg\" width=\"495\" height=\"400\"  title='REc accesorios -termometria__DSC9503-2' alt='' srcset=\"https:\/\/www.recaccesorios.com\/wp-content\/uploads\/2020\/10\/rec-accesorios-termometria--dsc9503-2-495x400.jpg 495w, https:\/\/www.recaccesorios.com\/wp-content\/uploads\/2020\/10\/rec-accesorios-termometria--dsc9503-2-845x684.jpg 845w\" sizes=\"(max-width: 495px) 100vw, 495px\" \/><div class='big-prev-fake'><img decoding=\"async\" loading=\"lazy\" class=\"wp-image-2977 avia-img-lazy-loading-2977\"  width=\"300\" height=\"203\" src=\"https:\/\/www.recaccesorios.com\/wp-content\/uploads\/2020\/10\/rec-accesorios-termometria--dsc9503-2-300x203.jpg\" title='REc accesorios -termometria__DSC9503-2' alt='' srcset=\"https:\/\/www.recaccesorios.com\/wp-content\/uploads\/2020\/10\/rec-accesorios-termometria--dsc9503-2-300x203.jpg 300w, https:\/\/www.recaccesorios.com\/wp-content\/uploads\/2020\/10\/rec-accesorios-termometria--dsc9503-2-1030x696.jpg 1030w, https:\/\/www.recaccesorios.com\/wp-content\/uploads\/2020\/10\/rec-accesorios-termometria--dsc9503-2-768x519.jpg 768w, https:\/\/www.recaccesorios.com\/wp-content\/uploads\/2020\/10\/rec-accesorios-termometria--dsc9503-2-1536x1038.jpg 1536w, https:\/\/www.recaccesorios.com\/wp-content\/uploads\/2020\/10\/rec-accesorios-termometria--dsc9503-2-1500x1013.jpg 1500w, https:\/\/www.recaccesorios.com\/wp-content\/uploads\/2020\/10\/rec-accesorios-termometria--dsc9503-2-705x476.jpg 705w, https:\/\/www.recaccesorios.com\/wp-content\/uploads\/2020\/10\/rec-accesorios-termometria--dsc9503-2-450x304.jpg 450w, https:\/\/www.recaccesorios.com\/wp-content\/uploads\/2020\/10\/rec-accesorios-termometria--dsc9503-2.jpg 2000w\" sizes=\"auto, (max-width: 300px) 100vw, 300px\" \/><\/div><\/a><\/div><\/div><\/div><\/p>\n","protected":false},"excerpt":{"rendered":"","protected":false},"author":3,"featured_media":0,"parent":2503,"menu_order":0,"comment_status":"closed","ping_status":"closed","template":"","meta":{"_monsterinsights_skip_tracking":false,"_monsterinsights_sitenote_active":false,"_monsterinsights_sitenote_note":"","_monsterinsights_sitenote_category":0,"footnotes":""},"class_list":["post-2693","page","type-page","status-publish","hentry"],"_links":{"self":[{"href":"https:\/\/www.recaccesorios.com\/fr\/wp-json\/wp\/v2\/pages\/2693","targetHints":{"allow":["GET"]}}],"collection":[{"href":"https:\/\/www.recaccesorios.com\/fr\/wp-json\/wp\/v2\/pages"}],"about":[{"href":"https:\/\/www.recaccesorios.com\/fr\/wp-json\/wp\/v2\/types\/page"}],"author":[{"embeddable":true,"href":"https:\/\/www.recaccesorios.com\/fr\/wp-json\/wp\/v2\/users\/3"}],"replies":[{"embeddable":true,"href":"https:\/\/www.recaccesorios.com\/fr\/wp-json\/wp\/v2\/comments?post=2693"}],"version-history":[{"count":4,"href":"https:\/\/www.recaccesorios.com\/fr\/wp-json\/wp\/v2\/pages\/2693\/revisions"}],"predecessor-version":[{"id":2746,"href":"https:\/\/www.recaccesorios.com\/fr\/wp-json\/wp\/v2\/pages\/2693\/revisions\/2746"}],"up":[{"embeddable":true,"href":"https:\/\/www.recaccesorios.com\/fr\/wp-json\/wp\/v2\/pages\/2503"}],"wp:attachment":[{"href":"https:\/\/www.recaccesorios.com\/fr\/wp-json\/wp\/v2\/media?parent=2693"}],"curies":[{"name":"wp","href":"https:\/\/api.w.org\/{rel}","templated":true}]}}